{"id":2671,"date":"2022-04-02T08:16:04","date_gmt":"2022-04-02T08:16:04","guid":{"rendered":"https:\/\/solhix.com\/clientes\/"},"modified":"2022-06-13T20:05:08","modified_gmt":"2022-06-13T20:05:08","slug":"clientes","status":"publish","type":"page","link":"https:\/\/solhix.com\/es\/clientes\/","title":{"rendered":"Clientes"},"content":{"rendered":"\n\n  <div class=\"banner has-hover has-parallax\" id=\"banner-1861298458\">\n          <div class=\"banner-inner fill\">\n        <div class=\"banner-bg fill\" data-parallax=\"-2\" data-parallax-container=\".banner\" data-parallax-background>\n            <img loading=\"lazy\" decoding=\"async\" width=\"1020\" height=\"692\" src=\"https:\/\/solhix.com\/wp-content\/uploads\/2022\/04\/WORLDMAP-2491830-1179x800.jpg\" class=\"bg attachment-large size-large\" alt=\"\" \/>                        <div class=\"overlay\"><\/div>            \n                    <\/div>\n\t\t\n        <div class=\"banner-layers container\">\n            <div class=\"fill banner-link\"><\/div>            \n\n   <div id=\"text-box-1380722134\" class=\"text-box banner-layer x50 md-x50 lg-x50 y75 md-y75 lg-y75 res-text\">\n                                <div class=\"text-box-content text dark text-shadow-1\">\n              \n              <div class=\"text-inner text-center\">\n                  \n\n\t<div id=\"text-2322862965\" class=\"text\">\n\t\t\n\n<h2 class=\"uppercase\" style=\"text-align: center;\"><strong>Clientes<\/strong><\/h2>\n<p> <\/p>\n<p class=\"lead\"><strong> Nuestra base de clientes abarca un rango amplio de empresas l\u00edderes en diferentes canales de ventas. Entre ellas se encuentran tiendas departamentales, boutiques, tiendas de comercio electr\u00f3nico, supermercados, mayoristas, cat\u00e1logos e importadores individuales de regiones de Am\u00e9rica Latina, Europa y Australia.<\/strong><\/p>\n<p class=\"lead\"><strong> Tambi\u00e9n fabricamos productos para empresas con licencias de marcas que poseen los derechos de venta al por mayor y de distribuci\u00f3n de marcas de reconocimiento mundial como Disney, Marvel, Mattel, San Rio, entre otras. <\/strong><\/p>\n\t\t\n<style>\n#text-2322862965 {\n  text-align: left;\n}\n<\/style>\n\t<\/div>\n\t\n\n              <\/div>\n           <\/div>\n                            \n<style>\n#text-box-1380722134 .text-box-content {\n  background-color: rgba(0, 0, 0, 0);\n  font-size: 100%;\n}\n#text-box-1380722134 {\n  width: 91%;\n}\n<\/style>\n    <\/div>\n \n\n        <\/div>\n      <\/div>\n\n            \n<style>\n#banner-1861298458 {\n  padding-top: 760px;\n}\n#banner-1861298458 .overlay {\n  background-color: rgba(0, 0, 0, 0);\n}\n#banner-1861298458 .banner-bg img {\n  object-position: 49% 48%;\n}\n<\/style>\n  <\/div>\n\n\n<div class=\"container section-title-container hidden\" ><h3 class=\"section-title section-title-center\"><b><\/b><span class=\"section-title-main\" >With image left<\/span><b><\/b><\/h3><\/div>\n\n\n<div class=\"container section-title-container hidden\" ><h3 class=\"section-title section-title-center\"><b><\/b><span class=\"section-title-main\" >Con imagen arriba<\/span><b><\/b><\/h3><\/div>\n\n\n<div class=\"container section-title-container hidden\" ><h3 class=\"section-title section-title-center\"><b><\/b><span class=\"section-title-main\" >Encajado<\/span><b><\/b><\/h3><\/div>\n\n\n<div class=\"container section-title-container hidden\" ><h3 class=\"section-title section-title-center\"><b><\/b><span class=\"section-title-main\" >Encajado vertical<\/span><b><\/b><\/h3><\/div>\n\n\n<div class=\"container section-title-container hidden\" ><h3 class=\"section-title section-title-center\"><b><\/b><span class=\"section-title-main\" >Testimonios en fila<\/span><b><\/b><\/h3><\/div>\n\n\n<div class=\"container section-title-container hidden\" ><h3 class=\"section-title section-title-center\"><b><\/b><span class=\"section-title-main\" >Testimonios<\/span><b><\/b><\/h3><\/div>\n\n\n\n","protected":false},"excerpt":{"rendered":"","protected":false},"author":1,"featured_media":0,"parent":0,"menu_order":0,"comment_status":"closed","ping_status":"closed","template":"page-transparent-header-light.php","meta":{"footnotes":""},"_links":{"self":[{"href":"https:\/\/solhix.com\/es\/wp-json\/wp\/v2\/pages\/2671"}],"collection":[{"href":"https:\/\/solhix.com\/es\/wp-json\/wp\/v2\/pages"}],"about":[{"href":"https:\/\/solhix.com\/es\/wp-json\/wp\/v2\/types\/page"}],"author":[{"embeddable":true,"href":"https:\/\/solhix.com\/es\/wp-json\/wp\/v2\/users\/1"}],"replies":[{"embeddable":true,"href":"https:\/\/solhix.com\/es\/wp-json\/wp\/v2\/comments?post=2671"}],"version-history":[{"count":4,"href":"https:\/\/solhix.com\/es\/wp-json\/wp\/v2\/pages\/2671\/revisions"}],"predecessor-version":[{"id":2675,"href":"https:\/\/solhix.com\/es\/wp-json\/wp\/v2\/pages\/2671\/revisions\/2675"}],"wp:attachment":[{"href":"https:\/\/solhix.com\/es\/wp-json\/wp\/v2\/media?parent=2671"}],"curies":[{"name":"wp","href":"https:\/\/api.w.org\/{rel}","templated":true}]}}