{"id":2676,"date":"2022-03-25T11:29:30","date_gmt":"2022-03-25T11:29:30","guid":{"rendered":"https:\/\/solhix.com\/solhix\/"},"modified":"2022-12-06T10:13:48","modified_gmt":"2022-12-06T10:13:48","slug":"solhix","status":"publish","type":"page","link":"https:\/\/solhix.com\/es\/","title":{"rendered":"SOLHIX"},"content":{"rendered":"\n\n  <div class=\"banner has-hover has-video is-full-height has-parallax\" id=\"banner-1019935915\">\n          <div class=\"banner-inner fill\">\n        <div class=\"banner-bg fill\" data-parallax=\"-4\" data-parallax-container=\".banner\" data-parallax-background>\n            <img loading=\"lazy\" decoding=\"async\" width=\"1020\" height=\"680\" src=\"https:\/\/solhix.com\/wp-content\/uploads\/2020\/12\/336054278-huge-1024x683.jpg\" class=\"bg attachment-large size-large\" alt=\"\" \/>            \t<div class=\"video-overlay no-click fill visible\"><\/div>\n\t<video class=\"video-bg fill visible\" preload playsinline autoplay muted loop>\n\t\t<source src=\"http:\/\/solhix.com\/wp-content\/uploads\/2021\/01\/1024664966-hd.mp4\" type=\"video\/mp4\">\t<\/video>\n                        \n                    <\/div>\n\t\t\n        <div class=\"banner-layers container\">\n            <div class=\"fill banner-link\"><\/div>            \n\n   <div id=\"text-box-1843261148\" class=\"text-box banner-layer x50 md-x50 lg-x50 y85 md-y80 lg-y80 res-text\">\n              <div data-parallax=\"-3\" data-parallax-fade=\"true\">       <div data-animate=\"fadeInUp\">           <div class=\"text-box-content text dark text-shadow-1\">\n              \n              <div class=\"text-inner text-center\">\n                  \n\n\t<div id=\"text-278995141\" class=\"text\">\n\t\t\n\n<h1 class=\"uppercase\"><strong><span style=\"font-size: 90%;\">SIMPLIFICANDO EL COMERCIO INTERNACIONAL<\/span> <\/strong><\/h1>\n\t\t\n<style>\n#text-278995141 {\n  font-size: 1.4rem;\n  line-height: 1.85;\n}\n@media (min-width:550px) {\n  #text-278995141 {\n    line-height: 1.8;\n  }\n}\n<\/style>\n\t<\/div>\n\t\n\n              <\/div>\n           <\/div>\n       <\/div>       <\/div>              \n<style>\n#text-box-1843261148 {\n  width: 100%;\n}\n#text-box-1843261148 .text-box-content {\n  font-size: 131%;\n}\n@media (min-width:550px) {\n  #text-box-1843261148 {\n    width: 100%;\n  }\n  #text-box-1843261148 .text-box-content {\n    font-size: 100%;\n  }\n}\n<\/style>\n    <\/div>\n \n\n        <\/div>\n      <\/div>\n\n            \n<style>\n#banner-1019935915 {\n  padding-top: 100%;\n}\n#banner-1019935915 .banner-bg img {\n  object-position: 49% 43%;\n}\n<\/style>\n  <\/div>\n\n\n<div class=\"container section-title-container hidden\" ><h3 class=\"section-title section-title-center\"><b><\/b><span class=\"section-title-main\" >Nuestros Clientes<\/span><b><\/b><\/h3><\/div>\n\n\n\t<div id=\"gap-626461541\" class=\"gap-element clearfix hidden\" style=\"display:block; height:auto;\">\n\t\t\n<style>\n#gap-626461541 {\n  padding-top: 30px;\n}\n<\/style>\n\t<\/div>\n\t\n\n\n<div class=\"container section-title-container hidden\" style=\"margin-top:22px;\"><h3 class=\"section-title section-title-center\"><b><\/b><span class=\"section-title-main\" >Ultimas noticias<\/span><b><\/b><\/h3><\/div>\n\n\n  <div class=\"banner has-hover is-full-height\" id=\"banner-139939463\">\n          <div class=\"banner-inner fill\">\n        <div class=\"banner-bg fill\" >\n            <img loading=\"lazy\" decoding=\"async\" width=\"1020\" height=\"680\" src=\"https:\/\/solhix.com\/wp-content\/uploads\/2022\/04\/pexels-zhang-kaiyv-683419-1200x800.jpg\" class=\"bg attachment-large size-large\" alt=\"\" \/>                                    \n                    <\/div>\n\t\t\n        <div class=\"banner-layers container\">\n            <div class=\"fill banner-link\"><\/div>            \n\n   <div id=\"text-box-1750415720\" class=\"text-box banner-layer x50 md-x50 lg-x50 y50 md-y50 lg-y50 res-text\">\n                     <div data-animate=\"fadeInUp\">           <div class=\"text-box-content text box-shadow-1\">\n              \n              <div class=\"text-inner text-center\">\n                  \n\n<div class=\"container section-title-container\" style=\"margin-bottom:-34px;\"><h4 class=\"section-title section-title-center\"><b><\/b><span class=\"section-title-main\" style=\"font-size:195%;color:rgb(251, 244, 244);\">ACERCA DE NOSOTROS<\/span><b><\/b><\/h4><\/div>\n\n\t<div id=\"text-2580011265\" class=\"text\">\n\t\t\n\n<p><strong> SOLHIX tiene sus or\u00edgenes en Shangh\u00e1i en 2001 como una empresa comercial china de importaci\u00f3n y exportaci\u00f3n con el objetivo de ayudar a las empresas internacionales a establecer actividades comerciales con sus contrapartes chinas.<\/strong><\/p>\n<p><strong> En SOLHIX, nos enfocamos en la adquisici\u00f3n oportuna de los mejores productos a los mejores precios para nuestros clientes internacionales, y buscamos constantemente la mayor seguridad y confiabilidad en las compras que manejamos para nuestros clientes. Nuestra principal base de clientes incluye principalmente tiendas de marca, grandes almacenes, supermercados, comercio electr\u00f3nico, mayoristas e importadores de diferentes regiones del mundo, como Am\u00e9rica Latina, Eurasia y Ocean\u00eda.<\/strong><\/p>\n<p><strong> Nuestro personal cuenta con una vasta experiencia profesional en la compra de productos y siempre mantenemos estricta confidencialidad en todas nuestras transacciones comerciales.<\/strong><\/p>\n<p><strong> En SOLHIX, nos enfocamos en entender las necesidades de compra de nuestros clientes y cultivar una relaci\u00f3n de largo plazo basada en la confianza, ofreci\u00e9ndoles un producto y servicio de venta a la medida.<\/strong><\/p>\n\t\t\n<style>\n#text-2580011265 {\n  font-size: 1.2rem;\n  line-height: 2;\n  text-align: left;\n  color: rgb(255, 251, 251);\n}\n#text-2580011265 > * {\n  color: rgb(255, 251, 251);\n}\n@media (min-width:850px) {\n  #text-2580011265 {\n    line-height: 2.15;\n  }\n}\n<\/style>\n\t<\/div>\n\t\n<a class=\"button primary is-gradient hidden\"  >\n\t\t<span>Un boton<\/span>\n\t<\/a>\n\n\n\n              <\/div>\n           <\/div>\n       <\/div>                     \n<style>\n#text-box-1750415720 .text-box-content {\n  background-color: rgba(26, 25, 25, 0.366);\n  border-radius: 28px;\n  font-size: 100%;\n}\n#text-box-1750415720 .text-inner {\n  padding: 30px 30px 30px 30px;\n}\n#text-box-1750415720 {\n  width: 90%;\n}\n@media (min-width:550px) {\n  #text-box-1750415720 {\n    width: 100%;\n  }\n}\n<\/style>\n    <\/div>\n \n\n        <\/div>\n      <\/div>\n\n            \n<style>\n#banner-139939463 {\n  padding-top: 100%;\n}\n#banner-139939463 .banner-bg img {\n  object-position: 90% 88%;\n}\n<\/style>\n  <\/div>\n\n\n\n\t<section class=\"section has-parallax\" id=\"section_1537420967\">\n\t\t<div class=\"section-bg fill\" data-parallax-container=\".section\" data-parallax-background data-parallax=\"-6\">\n\t\t\t<img loading=\"lazy\" decoding=\"async\" width=\"2560\" height=\"1709\" src=\"https:\/\/solhix.com\/wp-content\/uploads\/2020\/12\/shutterstock_1308526990-scaled.jpg\" class=\"bg attachment- size-\" alt=\"\" \/>\t\t\t\t\t\t<div class=\"section-bg-overlay absolute fill\"><\/div>\n\t\t\t\n\n\t\t<\/div>\n\n\t\t\n\n\t\t<div class=\"section-content relative\">\n\t\t\t\n\n<div class=\"container section-title-container\" style=\"margin-bottom:26px;\"><h4 class=\"section-title section-title-center\"><b><\/b><span class=\"section-title-main\" style=\"font-size:200%;color:rgb(251, 244, 244);\">SOLUCI\u00d3N INTEGRAL<\/span><b><\/b><\/h4><\/div>\n\n<div class=\"row row-large align-center row-divided\"  id=\"row-470949766\">\n\n\n\t<div id=\"col-956881430\" class=\"col medium-4 small-9 large-4\"  data-animate=\"fadeInUp\">\n\t\t\t\t<div class=\"col-inner\"  >\n\t\t\t\n\t\t\t\n\n\n\t\t<div class=\"icon-box featured-box icon-box-center text-center\"  style=\"margin:0px 0px 0px 0px;\">\n\t\t\t\t<div class=\"icon-box-text last-reset\">\n\t\t\t\t\t\t\t\t\t\n\n\t<div id=\"text-2692716119\" class=\"text\">\n\t\t\n\n<ul>\n<li>B\u00fasqueda de productos a tiempo<\/li>\n<li>Desarrollo y adquisici\u00f3n de productos.<\/li>\n<li>Cumplimiento de materias primas<\/li>\n<\/ul>\n\t\t\n<style>\n#text-2692716119 {\n  text-align: left;\n  color: rgb(255, 255, 255);\n}\n#text-2692716119 > * {\n  color: rgb(255, 255, 255);\n}\n<\/style>\n\t<\/div>\n\t\n\n\t\t<\/div>\n\t<\/div>\n\t\n\t\n\n\t\t<\/div>\n\t\t\t\t\t<\/div>\n\n\t\n\n\t<div id=\"col-1668373607\" class=\"col medium-4 small-9 large-4\"  data-animate=\"fadeInUp\">\n\t\t\t\t<div class=\"col-inner\"  >\n\t\t\t\n\t\t\t\n\n\n\t\t<div class=\"icon-box featured-box icon-box-center text-center\"  style=\"margin:0px 0px 0px 0px;\">\n\t\t\t\t<div class=\"icon-box-text last-reset\">\n\t\t\t\t\t\t\t\t\t\n\n\t<div id=\"text-3297901075\" class=\"text\">\n\t\t\n\n<ul>\n<li>Control de fabricaci\u00f3n<\/li>\n<li>Coordinaci\u00f3n log\u00edstica<\/li>\n<li>Consolidaci\u00f3n de productos<\/li>\n<\/ul>\n\t\t\n<style>\n#text-3297901075 {\n  text-align: left;\n  color: rgb(255,255,255);\n}\n#text-3297901075 > * {\n  color: rgb(255,255,255);\n}\n<\/style>\n\t<\/div>\n\t\n\n\t\t<\/div>\n\t<\/div>\n\t\n\t\n\n\t\t<\/div>\n\t\t\t\t\t<\/div>\n\n\t\n\n\t<div id=\"col-555314957\" class=\"col medium-4 small-9 large-4\"  data-animate=\"fadeInUp\">\n\t\t\t\t<div class=\"col-inner\"  >\n\t\t\t\n\t\t\t\n\n\n\t\t<div class=\"icon-box featured-box icon-box-center text-center\"  style=\"margin:0px 0px 0px 0px;\">\n\t\t\t\t<div class=\"icon-box-text last-reset\">\n\t\t\t\t\t\t\t\t\t\n\n\t<div id=\"text-1344823685\" class=\"text\">\n\t\t\n\n<ul>\n<li>Control de calidad<\/li>\n<li>Prueba de laboratorio<\/li>\n<li>Seguir los procedimientos y est\u00e1ndares del cliente.<\/li>\n<\/ul>\n\t\t\n<style>\n#text-1344823685 {\n  text-align: left;\n  color: rgb(255, 255, 255);\n}\n#text-1344823685 > * {\n  color: rgb(255, 255, 255);\n}\n<\/style>\n\t<\/div>\n\t\n\n\t\t<\/div>\n\t<\/div>\n\t\n\t\n\n\t\t<\/div>\n\t\t\t\t\t<\/div>\n\n\t\n\n<\/div>\n\n\t\t<\/div>\n\n\t\t\n<style>\n#section_1537420967 {\n  padding-top: 200px;\n  padding-bottom: 200px;\n  min-height: 0px;\n  background-color: rgb(255, 255, 255);\n}\n#section_1537420967 .section-bg-overlay {\n  background-color: rgba(0,0,0,.5);\n}\n<\/style>\n\t<\/section>\n\t\n\n\n  <div class=\"banner has-hover is-full-height\" id=\"banner-405784452\">\n          <div class=\"banner-inner fill\">\n        <div class=\"banner-bg fill\" >\n            <img loading=\"lazy\" decoding=\"async\" width=\"1020\" height=\"680\" src=\"https:\/\/solhix.com\/wp-content\/uploads\/2021\/05\/clothingitems-1200x800.jpg\" class=\"bg attachment-large size-large\" alt=\"\" \/>                                    \n                    <\/div>\n\t\t\n        <div class=\"banner-layers container\">\n            <div class=\"fill banner-link\"><\/div>            \n\n   <div id=\"text-box-1201254011\" class=\"text-box banner-layer x50 md-x50 lg-x50 y25 md-y50 lg-y50 res-text\">\n                     <div data-animate=\"fadeInUp\">           <div class=\"text-box-content text box-shadow-1\">\n              \n              <div class=\"text-inner text-center\">\n                  \n\n<div class=\"container section-title-container\" style=\"margin-bottom:2px;\"><h4 class=\"section-title section-title-center\"><b><\/b><span class=\"section-title-main\" style=\"font-size:195%;color:rgb(251, 244, 244);\">PRODUCTOS<\/span><b><\/b><\/h4><\/div>\n\n\t<div id=\"text-1098675991\" class=\"text\">\n\t\t\n\n<p><strong>  <\/strong><\/p>\n<p><strong> Vendemos una amplia gama de productos a nuestros clientes, algunos de los m\u00e1s populares incluyen calzado, accesorios de moda, ropa, textiles para el hogar, equipaje, juguetes, art\u00edculos para beb\u00e9s y deportivos, adem\u00e1s tambi\u00e9n vendemos productos que no son de consumo como materiales industriales y de construcci\u00f3n como imanes, rollos de hojalata, marcos de aluminio, incluso torniller\u00eda, entre otros.<\/strong><\/p>\n<p><strong> SOLHIX se esfuerza por ofrecer a sus clientes una amplia gama de art\u00edculos de acuerdo a las \u00faltimas tendencias y tecnolog\u00edas, a un excelente precio y calidad.<\/strong><\/p>\n\t\t\n<style>\n#text-1098675991 {\n  font-size: 1.2rem;\n  line-height: 2.15;\n  text-align: left;\n  color: rgb(255, 251, 251);\n}\n#text-1098675991 > * {\n  color: rgb(255, 251, 251);\n}\n<\/style>\n\t<\/div>\n\t\n<a class=\"button primary is-gradient hidden\"  >\n\t\t<span>Un boton<\/span>\n\t<\/a>\n\n\n\n              <\/div>\n           <\/div>\n       <\/div>                     \n<style>\n#text-box-1201254011 .text-box-content {\n  background-color: rgba(26, 25, 25, 0.366);\n  border-radius: 28px;\n  font-size: 100%;\n}\n#text-box-1201254011 .text-inner {\n  padding: 0px 30px 30px 30px;\n}\n#text-box-1201254011 {\n  width: 90%;\n}\n@media (min-width:550px) {\n  #text-box-1201254011 {\n    width: 100%;\n  }\n}\n<\/style>\n    <\/div>\n \n\n        <\/div>\n      <\/div>\n\n            \n<style>\n#banner-405784452 {\n  padding-top: 100%;\n}\n#banner-405784452 .banner-bg img {\n  object-position: 30% 86%;\n}\n<\/style>\n  <\/div>\n\n\n\n  <div class=\"banner has-hover is-full-height\" id=\"banner-1810816676\">\n          <div class=\"banner-inner fill\">\n        <div class=\"banner-bg fill\" >\n            <img loading=\"lazy\" decoding=\"async\" width=\"1020\" height=\"680\" src=\"https:\/\/solhix.com\/wp-content\/uploads\/2021\/05\/shoppingmall-1200x800.jpg\" class=\"bg attachment-large size-large\" alt=\"\" \/>                                    \n                    <\/div>\n\t\t\n        <div class=\"banner-layers container\">\n            <div class=\"fill banner-link\"><\/div>            \n\n   <div id=\"text-box-476878343\" class=\"text-box banner-layer x50 md-x50 lg-x50 y25 md-y50 lg-y50 res-text\">\n                     <div data-animate=\"fadeInUp\">           <div class=\"text-box-content text box-shadow-1\">\n              \n\t<div class=\"is-border\"\n\t\tstyle=\"border-width:0px 0px 0px 0px;\">\n\t<\/div>\n              <div class=\"text-inner text-center\">\n                  \n\n<div class=\"container section-title-container\" style=\"margin-bottom:2px;\"><h4 class=\"section-title section-title-center\"><b><\/b><span class=\"section-title-main\" style=\"font-size:195%;color:rgb(251, 244, 244);\">CLIENTES<\/span><b><\/b><\/h4><\/div>\n\n\t<div id=\"text-4041971722\" class=\"text\">\n\t\t\n\n<p><strong>  <\/strong><\/p>\n<p><strong> Nuestra base de clientes abarca desde tiendas departamentales l\u00edderes hasta boutiques, comercio electr\u00f3nico, supermercados, mayoristas, cat\u00e1logos e importadores individuales de regiones como Am\u00e9rica Latina, Eurasia y Ocean\u00eda.<\/strong><\/p>\n<p><strong> Tambi\u00e9n fabricamos productos para empresas licenciatarias de marcas que poseen los derechos de venta al por mayor y distribuci\u00f3n de marcas globales como Disney, Marvel, Mattel, San Rio, entre otras.<\/strong><\/p>\n\t\t\n<style>\n#text-4041971722 {\n  font-size: 1.2rem;\n  line-height: 2.15;\n  text-align: left;\n  color: rgb(255, 251, 251);\n}\n#text-4041971722 > * {\n  color: rgb(255, 251, 251);\n}\n<\/style>\n\t<\/div>\n\t\n<a class=\"button primary is-gradient hidden\"  >\n\t\t<span>Un boton<\/span>\n\t<\/a>\n\n\n\n              <\/div>\n           <\/div>\n       <\/div>                     \n<style>\n#text-box-476878343 {\n  margin: 0px 0px 0px 0px;\n  width: 90%;\n}\n#text-box-476878343 .text-box-content {\n  background-color: rgba(26, 25, 25, 0.366);\n  border-radius: 28px;\n  font-size: 100%;\n}\n#text-box-476878343 .text-inner {\n  padding: 0px 30px 30px 30px;\n}\n@media (min-width:550px) {\n  #text-box-476878343 {\n    width: 100%;\n  }\n}\n<\/style>\n    <\/div>\n \n\n        <\/div>\n      <\/div>\n\n            \n<style>\n#banner-1810816676 {\n  padding-top: 100%;\n}\n#banner-1810816676 .banner-bg img {\n  object-position: 30% 86%;\n}\n<\/style>\n  <\/div>\n\n\n\n\n","protected":false},"excerpt":{"rendered":"","protected":false},"author":1,"featured_media":0,"parent":0,"menu_order":0,"comment_status":"closed","ping_status":"closed","template":"page-transparent-header-light.php","meta":{"footnotes":""},"_links":{"self":[{"href":"https:\/\/solhix.com\/es\/wp-json\/wp\/v2\/pages\/2676"}],"collection":[{"href":"https:\/\/solhix.com\/es\/wp-json\/wp\/v2\/pages"}],"about":[{"href":"https:\/\/solhix.com\/es\/wp-json\/wp\/v2\/types\/page"}],"author":[{"embeddable":true,"href":"https:\/\/solhix.com\/es\/wp-json\/wp\/v2\/users\/1"}],"replies":[{"embeddable":true,"href":"https:\/\/solhix.com\/es\/wp-json\/wp\/v2\/comments?post=2676"}],"version-history":[{"count":4,"href":"https:\/\/solhix.com\/es\/wp-json\/wp\/v2\/pages\/2676\/revisions"}],"predecessor-version":[{"id":2728,"href":"https:\/\/solhix.com\/es\/wp-json\/wp\/v2\/pages\/2676\/revisions\/2728"}],"wp:attachment":[{"href":"https:\/\/solhix.com\/es\/wp-json\/wp\/v2\/media?parent=2676"}],"curies":[{"name":"wp","href":"https:\/\/api.w.org\/{rel}","templated":true}]}}