{"id":2729,"date":"2020-12-13T02:01:54","date_gmt":"2020-12-13T02:01:54","guid":{"rendered":"https:\/\/solhix.com\/soluciones\/"},"modified":"2022-12-06T13:52:13","modified_gmt":"2022-12-06T13:52:13","slug":"soluciones","status":"publish","type":"page","link":"https:\/\/solhix.com\/es\/soluciones\/","title":{"rendered":"Soluciones"},"content":{"rendered":"\n<div class=\"slider-wrapper relative\" id=\"slider-761561610\" >\n    <div class=\"slider slider-nav-circle slider-nav-large slider-nav-light slider-style-normal\"\n        data-flickity-options='{\n            \"cellAlign\": \"center\",\n            \"imagesLoaded\": true,\n            \"lazyLoad\": 1,\n            \"freeScroll\": false,\n            \"wrapAround\": true,\n            \"autoPlay\": 6000,\n            \"pauseAutoPlayOnHover\" : true,\n            \"prevNextButtons\": true,\n            \"contain\" : true,\n            \"adaptiveHeight\" : true,\n            \"dragThreshold\" : 10,\n            \"percentPosition\": true,\n            \"pageDots\": false,\n            \"rightToLeft\": false,\n            \"draggable\": true,\n            \"selectedAttraction\": 0.1,\n            \"parallax\" : 0,\n            \"friction\": 0.6        }'\n        >\n        \n\n\n  <div class=\"banner has-hover\" id=\"banner-835939911\">\n          <div class=\"banner-inner fill\">\n        <div class=\"banner-bg fill\" >\n            <img loading=\"lazy\" decoding=\"async\" width=\"1020\" height=\"574\" src=\"https:\/\/solhix.com\/wp-content\/uploads\/2022\/04\/pexels-vineet-pal-91571261-new-1400x788.jpg\" class=\"bg attachment-large size-large\" alt=\"\" \/>                        <div class=\"overlay\"><\/div>            \n                    <\/div>\n\t\t\n        <div class=\"banner-layers container\">\n            <div class=\"fill banner-link\"><\/div>            \n\n   <div id=\"text-box-1636681700\" class=\"text-box banner-layer x50 md-x50 lg-x50 y100 md-y100 lg-y100 res-text\">\n                                <div class=\"text-box-content text dark\">\n              \n              <div class=\"text-inner text-center\">\n                  \n\n\t<div id=\"text-162258195\" class=\"text\">\n\t\t\n\n<h2>&nbsp;<\/h2>\n<h2 style=\"text-align: center;\"><span style=\"color: #ffffff;\"><strong>SOLUCI\u00d3N INTEGRAL<\/strong><br><\/span><\/h2>\n<p><strong><span style=\"color: #ffffff;\">&nbsp;&nbsp; Nuestro objetivo es satisfacer las necesidades y crear valor para nuestros clientes consolid\u00e1ndonos como un proveedor eficiente e innovador.<\/span><\/strong><\/p>\n<p><strong><span style=\"color: #ffffff;\">&nbsp;&nbsp; Nuestra experiencia en la b\u00fasqueda de productos y proveedores es amplia y brinda a nuestros clientes acceso a una amplia gama de productos de China. <\/span><\/strong><\/p>\n<p><strong><span style=\"color: #ffffff;\">&nbsp;&nbsp; Nuestra experiencia tambi\u00e9n va desde la b\u00fasqueda de productos especializados, hasta el desarrollo de muestras, negociaci\u00f3n de precios, inspecciones de calidad, consolidaci\u00f3n de productos y coordinaci\u00f3n log\u00edstica.<\/span><\/strong><\/p>\n<p><strong><span style=\"color: #ffffff;\">&nbsp;&nbsp; Nuestra presencia en China proporciona acceso a f\u00e1bricas en toda China y gestionamos el flujo de mercanc\u00edas desde la planta de producci\u00f3n hasta el centro de distribuci\u00f3n de nuestro cliente.<\/span><\/strong><\/p>\n<p><strong><span style=\"color: #ffffff;\">&nbsp;&nbsp; Transportamos productos desde una ubicaci\u00f3n de f\u00e1brica remota hasta el almac\u00e9n de nuestro cliente con una buena combinaci\u00f3n de velocidad, precio, calidad e integridad, y nuestros servicios de ventas son proporcionados por personas y equipos locales que tienen experiencia en adquisiciones internacionales.<\/span><\/strong><\/p>\n<p>&nbsp;<\/p>\n\t\t\n<style>\n#text-162258195 {\n  text-align: left;\n}\n<\/style>\n\t<\/div>\n\t\n\t<div id=\"text-2007830332\" class=\"text hidden\">\n\t\t\n\n<h3 class=\"uppercase\"><strong>This is a simple banner<\/strong><\/h3>\n<p>Lorem ipsum dolor sit amet, consectetuer adipiscing elit, sed diam nonummy nibh euismod tincidunt ut laoreet dolore magna aliquam erat volutpat.<\/p>\n\t\t\t<\/div>\n\t\n\n              <\/div>\n           <\/div>\n                            \n<style>\n#text-box-1636681700 {\n  width: 99%;\n}\n#text-box-1636681700 .text-box-content {\n  font-size: 100%;\n}\n<\/style>\n    <\/div>\n \n\n        <\/div>\n      <\/div>\n\n            \n<style>\n#banner-835939911 {\n  padding-top: 730px;\n}\n#banner-835939911 .overlay {\n  background-color: rgba(0, 0, 0, 0.343);\n}\n#banner-835939911 .banner-bg img {\n  object-position: 44% 76%;\n}\n<\/style>\n  <\/div>\n\n\n\n     <\/div>\n\n     <div class=\"loading-spin dark large centered\"><\/div>\n\n\t<\/div>\n\n\n","protected":false},"excerpt":{"rendered":"","protected":false},"author":1,"featured_media":1161,"parent":0,"menu_order":0,"comment_status":"closed","ping_status":"closed","template":"page-transparent-header-light.php","meta":{"footnotes":""},"_links":{"self":[{"href":"https:\/\/solhix.com\/es\/wp-json\/wp\/v2\/pages\/2729"}],"collection":[{"href":"https:\/\/solhix.com\/es\/wp-json\/wp\/v2\/pages"}],"about":[{"href":"https:\/\/solhix.com\/es\/wp-json\/wp\/v2\/types\/page"}],"author":[{"embeddable":true,"href":"https:\/\/solhix.com\/es\/wp-json\/wp\/v2\/users\/1"}],"replies":[{"embeddable":true,"href":"https:\/\/solhix.com\/es\/wp-json\/wp\/v2\/comments?post=2729"}],"version-history":[{"count":7,"href":"https:\/\/solhix.com\/es\/wp-json\/wp\/v2\/pages\/2729\/revisions"}],"predecessor-version":[{"id":2805,"href":"https:\/\/solhix.com\/es\/wp-json\/wp\/v2\/pages\/2729\/revisions\/2805"}],"wp:featuredmedia":[{"embeddable":true,"href":"https:\/\/solhix.com\/es\/wp-json\/wp\/v2\/media\/1161"}],"wp:attachment":[{"href":"https:\/\/solhix.com\/es\/wp-json\/wp\/v2\/media?parent=2729"}],"curies":[{"name":"wp","href":"https:\/\/api.w.org\/{rel}","templated":true}]}}