{"id":2750,"date":"2020-12-13T02:01:54","date_gmt":"2020-12-13T02:01:54","guid":{"rendered":"https:\/\/solhix.com\/acerca\/"},"modified":"2022-12-06T12:38:29","modified_gmt":"2022-12-06T12:38:29","slug":"acerca","status":"publish","type":"page","link":"https:\/\/solhix.com\/es\/acerca\/","title":{"rendered":"Acerca de nosotros"},"content":{"rendered":"\n\n\n\t<section class=\"section\" id=\"section_530471206\">\n\t\t<div class=\"section-bg fill\" >\n\t\t\t\t\t\t\t\t\t<div class=\"section-bg-overlay absolute fill\"><\/div>\n\t\t\t\n\n\t\t<\/div>\n\n\t\t\n\n\t\t<div class=\"section-content relative\">\n\t\t\t\n\n<div class=\"row row-large align-middle\"  id=\"row-1516817259\">\n\n\n\t<div id=\"col-28052485\" class=\"col small-12 large-12\"  >\n\t\t\t\t<div class=\"col-inner text-left\"  >\n\t\t\t\n\t\t\t\n\n\t<div id=\"text-1681152694\" class=\"text\">\n\t\t\n\n<h1 class=\"uppercase\" style=\"text-align: center;\"><strong>ACERCA DE NOSOTROS<\/strong><\/h1>\n<p><strong> SOLHIX tiene sus or\u00edgenes en Shangh\u00e1i en 2001 como una empresa comercial china de importaci\u00f3n y exportaci\u00f3n con el objetivo de ayudar a las empresas internacionales a establecer actividades comerciales con sus contrapartes chinas.<\/strong><\/p>\n<p><strong> En SOLHIX, nos enfocamos en la adquisici\u00f3n oportuna de los mejores productos a los mejores precios para nuestros clientes internacionales, y buscamos constantemente la mayor seguridad y confiabilidad en las compras que manejamos para nuestros clientes. Nuestra principal base de clientes incluye principalmente tiendas de marca, grandes almacenes, supermercados, comercio electr\u00f3nico, mayoristas e importadores de diferentes regiones del mundo, como Am\u00e9rica Latina, Europa y Australia. <\/strong><\/p>\n<p><strong> Nuestro personal cuenta con una vasta experiencia profesional en la compra de productos y siempre mantenemos estricta confidencialidad en todas nuestras transacciones comerciales.<\/strong><\/p>\n<p><strong> En SOLHIX, nos enfocamos en entender las necesidades de compra de nuestros clientes y cultivar una relaci\u00f3n de largo plazo basada en la confianza, ofreci\u00e9ndoles un producto y servicio de venta a la medida.<\/strong><\/p>\n\t\t\n<style>\n#text-1681152694 {\n  font-size: 1rem;\n  line-height: 1.7;\n}\n<\/style>\n\t<\/div>\n\t\n<a class=\"button primary hidden\"  >\n\t\t<span>Agrega cualquier contenido aqui<\/span>\n\t<\/a>\n\n\n\n\t\t<\/div>\n\t\t\t\t\t<\/div>\n\n\t\n\n<\/div>\n\n<div class=\"container section-title-container\" ><h3 class=\"section-title section-title-center\"><b><\/b><span class=\"section-title-main\" >NUESTRO ENFOQUE<\/span><b><\/b><\/h3><\/div>\n\n<div class=\"row row-large align-center row-divided\"  id=\"row-554854969\">\n\n\n\t<div id=\"col-440930728\" class=\"col medium-4 large-4\"  data-animate=\"fadeInLeft\">\n\t\t\t\t<div class=\"col-inner\"  >\n\t\t\t\n\t\t\t\n\n\n\t\t<div class=\"icon-box featured-box icon-box-center text-center\"  style=\"margin:0px 0px 0px 0px;\">\n\t\t\t\t\t<div class=\"icon-box-img\" style=\"width: 127px\">\n\t\t\t\t<div class=\"icon\">\n\t\t\t\t\t<div class=\"icon-inner\" >\n\t\t\t\t\t\t<img loading=\"lazy\" decoding=\"async\" width=\"218\" height=\"186\" src=\"https:\/\/solhix.com\/wp-content\/uploads\/2022\/03\/Screen-Shot-2022-03-24-at-23.11.34.png\" class=\"attachment-medium size-medium\" alt=\"\" \/>\t\t\t\t\t<\/div>\n\t\t\t\t<\/div>\n\t\t\t<\/div>\n\t\t\t\t<div class=\"icon-box-text last-reset\">\n\t\t\t\t\t\t\t\t\t\n\n<p><strong>Nos enfocamos en la adquisici\u00f3n oportuna de los mejores productos.<\/strong><\/p>\n\n\t\t<\/div>\n\t<\/div>\n\t\n\t\n\n\t\t<\/div>\n\t\t\t\t\t<\/div>\n\n\t\n\n\t<div id=\"col-1193746144\" class=\"col medium-4 large-4\"  data-animate=\"fadeInUp\">\n\t\t\t\t<div class=\"col-inner\"  >\n\t\t\t\n\t\t\t\n\n\n\t\t<div class=\"icon-box featured-box icon-box-center text-center\"  style=\"margin:0px 0px 0px 0px;\">\n\t\t\t\t\t<div class=\"icon-box-img\" style=\"width: 127px\">\n\t\t\t\t<div class=\"icon\">\n\t\t\t\t\t<div class=\"icon-inner\" >\n\t\t\t\t\t\t<img loading=\"lazy\" decoding=\"async\" width=\"210\" height=\"180\" src=\"https:\/\/solhix.com\/wp-content\/uploads\/2022\/03\/Screen-Shot-2022-03-24-at-23.12.27.png\" class=\"attachment-medium size-medium\" alt=\"\" \/>\t\t\t\t\t<\/div>\n\t\t\t\t<\/div>\n\t\t\t<\/div>\n\t\t\t\t<div class=\"icon-box-text last-reset\">\n\t\t\t\t\t\t\t\t\t\n\n<p><strong>Buscar los mejores precios para nuestros clientes internacionales<\/strong><\/p>\n\n\t\t<\/div>\n\t<\/div>\n\t\n\t\n\n\t\t<\/div>\n\t\t\t\t\t<\/div>\n\n\t\n\n\t<div id=\"col-1631789179\" class=\"col medium-4 large-4\"  data-animate=\"fadeInLeft\">\n\t\t\t\t<div class=\"col-inner\"  >\n\t\t\t\n\t\t\t\n\n\n\t\t<div class=\"icon-box featured-box icon-box-center text-center\"  style=\"margin:0px 0px 0px 0px;\">\n\t\t\t\t\t<div class=\"icon-box-img\" style=\"width: 105px\">\n\t\t\t\t<div class=\"icon\">\n\t\t\t\t\t<div class=\"icon-inner\" >\n\t\t\t\t\t\t<img loading=\"lazy\" decoding=\"async\" width=\"164\" height=\"160\" src=\"https:\/\/solhix.com\/wp-content\/uploads\/2022\/03\/Screen-Shot-2022-03-24-at-23.14.20.png\" class=\"attachment-medium size-medium\" alt=\"\" \/>\t\t\t\t\t<\/div>\n\t\t\t\t<\/div>\n\t\t\t<\/div>\n\t\t\t\t<div class=\"icon-box-text last-reset\">\n\t\t\t\t\t\t\t\t\t\n\n<p><strong>Buscando constantemente la mayor seguridad y confiabilidad en las compras para nuestros clientes<\/strong><\/p>\n\n\t\t<\/div>\n\t<\/div>\n\t\n\t\n\n\t\t<\/div>\n\t\t\t\t\t<\/div>\n\n\t\n\n<\/div>\n\n\t\t<\/div>\n\n\t\t\n<style>\n#section_530471206 {\n  padding-top: 40px;\n  padding-bottom: 40px;\n  background-color: rgb(255, 255, 255);\n}\n#section_530471206 .section-bg-overlay {\n  background-color: rgba(213, 213, 212, 0);\n}\n<\/style>\n\t<\/section>\n\t\n\n\n","protected":false},"excerpt":{"rendered":"","protected":false},"author":1,"featured_media":1161,"parent":0,"menu_order":0,"comment_status":"closed","ping_status":"closed","template":"page-blank.php","meta":{"footnotes":""},"_links":{"self":[{"href":"https:\/\/solhix.com\/es\/wp-json\/wp\/v2\/pages\/2750"}],"collection":[{"href":"https:\/\/solhix.com\/es\/wp-json\/wp\/v2\/pages"}],"about":[{"href":"https:\/\/solhix.com\/es\/wp-json\/wp\/v2\/types\/page"}],"author":[{"embeddable":true,"href":"https:\/\/solhix.com\/es\/wp-json\/wp\/v2\/users\/1"}],"replies":[{"embeddable":true,"href":"https:\/\/solhix.com\/es\/wp-json\/wp\/v2\/comments?post=2750"}],"version-history":[{"count":3,"href":"https:\/\/solhix.com\/es\/wp-json\/wp\/v2\/pages\/2750\/revisions"}],"predecessor-version":[{"id":2775,"href":"https:\/\/solhix.com\/es\/wp-json\/wp\/v2\/pages\/2750\/revisions\/2775"}],"wp:featuredmedia":[{"embeddable":true,"href":"https:\/\/solhix.com\/es\/wp-json\/wp\/v2\/media\/1161"}],"wp:attachment":[{"href":"https:\/\/solhix.com\/es\/wp-json\/wp\/v2\/media?parent=2750"}],"curies":[{"name":"wp","href":"https:\/\/api.w.org\/{rel}","templated":true}]}}