{"id":2780,"date":"2013-08-18T15:41:31","date_gmt":"2013-08-18T15:41:31","guid":{"rendered":"https:\/\/solhix.com\/productos\/"},"modified":"2022-12-06T13:41:32","modified_gmt":"2022-12-06T13:41:32","slug":"productos","status":"publish","type":"page","link":"https:\/\/solhix.com\/es\/productos\/","title":{"rendered":"Productos"},"content":{"rendered":"\n\n  <div class=\"banner has-hover\" id=\"banner-254306638\">\n          <div class=\"banner-inner fill\">\n        <div class=\"banner-bg fill\" >\n            <img loading=\"lazy\" decoding=\"async\" width=\"1020\" height=\"704\" src=\"https:\/\/solhix.com\/wp-content\/uploads\/2022\/04\/products-1-1159x800.jpg\" class=\"bg attachment-large size-large\" alt=\"\" \/>                        <div class=\"overlay\"><\/div>            \n                    <\/div>\n\t\t\n        <div class=\"banner-layers container\">\n            <div class=\"fill banner-link\"><\/div>            \n\n   <div id=\"text-box-501489221\" class=\"text-box banner-layer x95 md-x95 lg-x95 y95 md-y95 lg-y95 res-text\">\n              <div data-parallax=\"-4\" data-parallax-fade=\"true\">                  <div class=\"text-box-content text dark\">\n              \n              <div class=\"text-inner text-center\">\n                  \n\n\t<div id=\"text-1753285867\" class=\"text\">\n\t\t\n\n<h2 class=\"uppercase\" style=\"text-align: center;\"><strong>Productos<\/strong><\/h2>\n<p>\u00a0<\/p>\n<p><strong><span style=\"font-size: 120%;\"> Vendemos una amplia gama de productos a nuestros clientes, algunos de los m\u00e1s populares incluyen calzado, accesorios de moda, ropa, textiles para el hogar, equipaje, juguetes, art\u00edculos para beb\u00e9s y deportivos, adem\u00e1s tambi\u00e9n vendemos productos que no son de consumo como materiales industriales y de construcci\u00f3n como imanes, rollos de hojalata, marcos de aluminio, incluso torniller\u00eda, entre otros.<\/span><\/strong><\/p>\n<p>\u00a0<\/p>\n<p><strong><span style=\"font-size: 120%;\"> SOLHIX se esfuerza por ofrecer a sus clientes una amplia gama de art\u00edculos de acuerdo a las \u00faltimas tendencias y tecnolog\u00edas, a un excelente precio y calidad.<\/span><\/strong><\/p>\n<p>\u00a0<\/p>\n\t\t\n<style>\n#text-1753285867 {\n  text-align: left;\n}\n<\/style>\n\t<\/div>\n\t\n\n              <\/div>\n           <\/div>\n              <\/div>              \n<style>\n#text-box-501489221 {\n  width: 87%;\n}\n#text-box-501489221 .text-box-content {\n  font-size: 100%;\n}\n<\/style>\n    <\/div>\n \n\n        <\/div>\n      <\/div>\n\n            \n<style>\n#banner-254306638 {\n  padding-top: 760px;\n}\n#banner-254306638 .overlay {\n  background-color: rgba(0, 0, 0, 0.45);\n}\n#banner-254306638 .banner-bg img {\n  object-position: 42% 63%;\n}\n<\/style>\n  <\/div>\n\n\n<div class=\"container section-title-container hidden\" ><h3 class=\"section-title section-title-bold-center\"><b><\/b><span class=\"section-title-main\" >Simple Sale Slider<\/span><b><\/b><\/h3><\/div>\n\n\t<div id=\"text-3875875056\" class=\"text hidden\">\n\t\t\n\n[ux_products orderby=\u00bbsales\u00bb show=\u00bbonsale\u00bb visibility=\u00bbhidden\u00bb]\n\t\t\t<\/div>\n\t\n<div class=\"container section-title-container hidden\" ><h3 class=\"section-title section-title-bold-center\"><b><\/b><span class=\"section-title-main\" ><i class=\"icon-star\" ><\/i>Featured Products Slider<\/span><b><\/b><\/h3><\/div>\n\n\t<div id=\"text-415994388\" class=\"text hidden\">\n\t\t\n\n[ux_products show=\u00bbfeatured\u00bb visibility=\u00bbhidden\u00bb]\n\t\t\t<\/div>\n\t\n<div class=\"container section-title-container hidden\" ><h3 class=\"section-title section-title-bold-center\"><b><\/b><span class=\"section-title-main\" ><i class=\"icon-heart\" ><\/i>Best Selling Products<\/span><b><\/b><\/h3><\/div>\n\n\t<div id=\"text-3620777375\" class=\"text hidden\">\n\t\t\n\n[ux_products orderby=\u00bbsales\u00bb visibility=\u00bbhidden\u00bb]\n\t\t\t<\/div>\n\t\n<div class=\"container section-title-container hidden\" ><h3 class=\"section-title section-title-bold-center\"><b><\/b><span class=\"section-title-main\" >Lookbook style<\/span><b><\/b><\/h3><\/div>\n\n\t<div id=\"text-1950819314\" class=\"text hidden\">\n\t\t\n\n[ux_products style=\u00bbshade\u00bb col_spacing=\u00bbnormal\u00bb depth=\u00bb1&#8243; depth_hover=\u00bb5&#8243; slider_nav_style=\u00bbcircle\u00bb cat=\u00bbtops\u00bb image_height=\u00bb200%\u00bb image_size=\u00bbmedium\u00bb image_hover=\u00bboverlay-add\u00bb image_hover_alt=\u00bbzoom-long\u00bb text_size=\u00bblarge\u00bb text_hover=\u00bbhover-slide\u00bb visibility=\u00bbhidden\u00bb]\n\t\t\t<\/div>\n\t\n<div class=\"container section-title-container hidden\" ><h3 class=\"section-title section-title-bold-center\"><b><\/b><span class=\"section-title-main\" >Lookbook style 2<\/span><b><\/b><\/h3><\/div>\n\n\t<div id=\"text-1802740597\" class=\"text hidden\">\n\t\t\n\n[ux_products style=\u00bboverlay\u00bb width=\u00bbfull-width\u00bb col_spacing=\u00bbcollapse\u00bb columns=\u00bb6&#8243; slider_nav_style=\u00bbcircle\u00bb cat=\u00bb80&#8243; orderby=\u00bbrand\u00bb image_height=\u00bb200%\u00bb image_size=\u00bbmedium\u00bb image_overlay=\u00bbrgba(0, 0, 0, 0.58)\u00bb image_hover=\u00bboverlay-add\u00bb image_hover_alt=\u00bbzoom-long\u00bb text_pos=\u00bbmiddle\u00bb text_size=\u00bblarge\u00bb text_hover=\u00bbzoom-in\u00bb visibility=\u00bbhidden\u00bb]\n\t\t\t<\/div>\n\t\n<div class=\"container section-title-container hidden\" style=\"margin-top:16px;\"><h3 class=\"section-title section-title-bold-center\"><b><\/b><span class=\"section-title-main\" >Grid Style<\/span><b><\/b><\/h3><\/div>\n\n\t<div id=\"text-2823573349\" class=\"text hidden\">\n\t\t\n\n[ux_products style=\u00bbshade\u00bb type=\u00bbgrid\u00bb grid_height=\u00bb650px\u00bb products=\u00bb4&#8243; orderby=\u00bbsales\u00bb show=\u00bbfeatured\u00bb image_overlay=\u00bbrgba(0, 0, 0, 0.19)\u00bb image_hover=\u00bbzoom\u00bb image_hover_alt=\u00bbglow\u00bb text_align=\u00bbleft\u00bb text_size=\u00bblarge\u00bb visibility=\u00bbhidden\u00bb]\n\t\t\t<\/div>\n\t\n<div class=\"container section-title-container hidden\" ><h3 class=\"section-title section-title-bold-center\"><b><\/b><span class=\"section-title-main\" >Masonery Style<\/span><b><\/b><\/h3><\/div>\n\n\t<div id=\"text-3550401260\" class=\"text hidden\">\n\t\t\n\n[ux_products type=\u00bbmasonry\u00bb visibility=\u00bbhidden\u00bb]\n\t\t\t<\/div>\n\t\n<div class=\"container section-title-container hidden\" ><h3 class=\"section-title section-title-bold-center\"><b><\/b><span class=\"section-title-main\" >Mix and match styles<\/span><b><\/b><\/h3><\/div>\n\n\t<div id=\"text-3856700455\" class=\"text hidden\">\n\t\t\n\n[ux_products style=\u00bboverlay\u00bb image_height=\u00bb169%\u00bb image_size=\u00bbmedium\u00bb image_overlay=\u00bbrgba(0, 0, 0, 0.67)\u00bb image_hover=\u00bbcolor\u00bb image_hover_alt=\u00bboverlay-remove-50&#8243; text_size=\u00bblarge\u00bb visibility=\u00bbhidden\u00bb]\n\t\t\t<\/div>\n\t\n\n","protected":false},"excerpt":{"rendered":"","protected":false},"author":1,"featured_media":1173,"parent":0,"menu_order":23,"comment_status":"closed","ping_status":"closed","template":"page-transparent-header-light.php","meta":{"footnotes":""},"_links":{"self":[{"href":"https:\/\/solhix.com\/es\/wp-json\/wp\/v2\/pages\/2780"}],"collection":[{"href":"https:\/\/solhix.com\/es\/wp-json\/wp\/v2\/pages"}],"about":[{"href":"https:\/\/solhix.com\/es\/wp-json\/wp\/v2\/types\/page"}],"author":[{"embeddable":true,"href":"https:\/\/solhix.com\/es\/wp-json\/wp\/v2\/users\/1"}],"replies":[{"embeddable":true,"href":"https:\/\/solhix.com\/es\/wp-json\/wp\/v2\/comments?post=2780"}],"version-history":[{"count":8,"href":"https:\/\/solhix.com\/es\/wp-json\/wp\/v2\/pages\/2780\/revisions"}],"predecessor-version":[{"id":2796,"href":"https:\/\/solhix.com\/es\/wp-json\/wp\/v2\/pages\/2780\/revisions\/2796"}],"wp:featuredmedia":[{"embeddable":true,"href":"https:\/\/solhix.com\/es\/wp-json\/wp\/v2\/media\/1173"}],"wp:attachment":[{"href":"https:\/\/solhix.com\/es\/wp-json\/wp\/v2\/media?parent=2780"}],"curies":[{"name":"wp","href":"https:\/\/api.w.org\/{rel}","templated":true}]}}