{"id":2687,"date":"2022-03-25T11:29:30","date_gmt":"2022-03-25T11:29:30","guid":{"rendered":"https:\/\/solhix.com\/solhix\/"},"modified":"2022-12-06T10:58:43","modified_gmt":"2022-12-06T10:58:43","slug":"solhix","status":"publish","type":"page","link":"https:\/\/solhix.com\/fr\/","title":{"rendered":"SOLHIX"},"content":{"rendered":"\n\n  <div class=\"banner has-hover has-video is-full-height has-parallax\" id=\"banner-683062377\">\n          <div class=\"banner-inner fill\">\n        <div class=\"banner-bg fill\" data-parallax=\"-4\" data-parallax-container=\".banner\" data-parallax-background>\n            <img loading=\"lazy\" decoding=\"async\" width=\"1020\" height=\"680\" src=\"https:\/\/solhix.com\/wp-content\/uploads\/2020\/12\/336054278-huge-1024x683.jpg\" class=\"bg attachment-large size-large\" alt=\"\" \/>            \t<div class=\"video-overlay no-click fill visible\"><\/div>\n\t<video class=\"video-bg fill visible\" preload playsinline autoplay muted loop>\n\t\t<source src=\"http:\/\/solhix.com\/wp-content\/uploads\/2021\/01\/1024664966-hd.mp4\" type=\"video\/mp4\">\t<\/video>\n                        \n                    <\/div>\n\t\t\n        <div class=\"banner-layers container\">\n            <div class=\"fill banner-link\"><\/div>            \n\n   <div id=\"text-box-2009257176\" class=\"text-box banner-layer x50 md-x50 lg-x50 y85 md-y80 lg-y80 res-text\">\n              <div data-parallax=\"-3\" data-parallax-fade=\"true\">       <div data-animate=\"fadeInUp\">           <div class=\"text-box-content text dark text-shadow-1\">\n              \n              <div class=\"text-inner text-center\">\n                  \n\n\t<div id=\"text-712230843\" class=\"text\">\n\t\t\n\n<h1 class=\"uppercase\"><strong><span style=\"font-size: 90%;\">SIMPLIFIE LE COMMERCE INTERNATIONAL<\/span> <\/strong><\/h1>\n\t\t\n<style>\n#text-712230843 {\n  font-size: 1.4rem;\n  line-height: 1.85;\n}\n@media (min-width:550px) {\n  #text-712230843 {\n    line-height: 1.8;\n  }\n}\n<\/style>\n\t<\/div>\n\t\n\n              <\/div>\n           <\/div>\n       <\/div>       <\/div>              \n<style>\n#text-box-2009257176 {\n  width: 100%;\n}\n#text-box-2009257176 .text-box-content {\n  font-size: 131%;\n}\n@media (min-width:550px) {\n  #text-box-2009257176 {\n    width: 100%;\n  }\n  #text-box-2009257176 .text-box-content {\n    font-size: 100%;\n  }\n}\n<\/style>\n    <\/div>\n \n\n        <\/div>\n      <\/div>\n\n            \n<style>\n#banner-683062377 {\n  padding-top: 100%;\n}\n#banner-683062377 .banner-bg img {\n  object-position: 49% 43%;\n}\n<\/style>\n  <\/div>\n\n\n<div class=\"container section-title-container hidden\" ><h3 class=\"section-title section-title-center\"><b><\/b><span class=\"section-title-main\" >Nos Clients<\/span><b><\/b><\/h3><\/div>\n\n\n\t<div id=\"gap-785023334\" class=\"gap-element clearfix hidden\" style=\"display:block; height:auto;\">\n\t\t\n<style>\n#gap-785023334 {\n  padding-top: 30px;\n}\n<\/style>\n\t<\/div>\n\t\n\n\n<div class=\"container section-title-container hidden\" style=\"margin-top:22px;\"><h3 class=\"section-title section-title-center\"><b><\/b><span class=\"section-title-main\" >Latest News<\/span><b><\/b><\/h3><\/div>\n\n\n  <div class=\"banner has-hover is-full-height\" id=\"banner-1784356687\">\n          <div class=\"banner-inner fill\">\n        <div class=\"banner-bg fill\" >\n            <img loading=\"lazy\" decoding=\"async\" width=\"1020\" height=\"680\" src=\"https:\/\/solhix.com\/wp-content\/uploads\/2022\/04\/pexels-zhang-kaiyv-683419-1200x800.jpg\" class=\"bg attachment-large size-large\" alt=\"\" \/>                                    \n                    <\/div>\n\t\t\n        <div class=\"banner-layers container\">\n            <div class=\"fill banner-link\"><\/div>            \n\n   <div id=\"text-box-496631319\" class=\"text-box banner-layer x50 md-x50 lg-x50 y50 md-y50 lg-y50 res-text\">\n                     <div data-animate=\"fadeInUp\">           <div class=\"text-box-content text box-shadow-1\">\n              \n              <div class=\"text-inner text-center\">\n                  \n\n<div class=\"container section-title-container\" style=\"margin-bottom:-34px;\"><h4 class=\"section-title section-title-center\"><b><\/b><span class=\"section-title-main\" style=\"font-size:195%;color:rgb(251, 244, 244);\">\u00c0 PROPOS DE NOUS<\/span><b><\/b><\/h4><\/div>\n\n\t<div id=\"text-3055998463\" class=\"text\">\n\t\t\n\n<p><strong> SOLHIX a ses origines \u00e0 Shanghai en 2001 en tant que soci\u00e9t\u00e9 chinoise d&rsquo;importation et d&rsquo;exportation dans le but d&rsquo;aider les entreprises internationales \u00e0 \u00e9tablir des activit\u00e9s commerciales avec leurs homologues chinois.<\/strong><\/p>\n<p><strong> Chez SOLHIX, nous nous concentrons sur l&rsquo;acquisition en temps opportun des meilleurs produits aux meilleurs prix pour nos clients internationaux, et nous recherchons constamment autant de s\u00e9curit\u00e9 et de fiabilit\u00e9 sur les achats que nous g\u00e9rons pour nos clients. Notre client\u00e8le s&rsquo;\u00e9tend des principaux grands magasins aux boutiques, au commerce \u00e9lectronique, aux supermarch\u00e9s, aux grossistes, aux catalogues et aux importateurs individuels de r\u00e9gions telles que l&rsquo;Am\u00e9rique latine, l&rsquo;Eurasie et l&rsquo;Oc\u00e9anie.<\/strong><\/p>\n<p><strong> Notre personnel poss\u00e8de une vaste exp\u00e9rience professionnelle dans l&rsquo;achat de produits et nous maintenons toujours une stricte confidentialit\u00e9 dans toutes nos transactions commerciales<\/strong><\/p>\n<p><strong> Chez SOLHIX, nous nous concentrons sur la compr\u00e9hension des besoins d&rsquo;achat de nos clients et cultivons une relation \u00e0 long terme bas\u00e9e sur la confiance, en leur offrant un produit et un service de vente sur mesure.<\/strong><\/p>\n\t\t\n<style>\n#text-3055998463 {\n  font-size: 1.2rem;\n  line-height: 2;\n  text-align: left;\n  color: rgb(255, 251, 251);\n}\n#text-3055998463 > * {\n  color: rgb(255, 251, 251);\n}\n@media (min-width:850px) {\n  #text-3055998463 {\n    line-height: 2.15;\n  }\n}\n<\/style>\n\t<\/div>\n\t\n<a class=\"button primary is-gradient hidden\"  >\n\t\t<span>A button<\/span>\n\t<\/a>\n\n\n\n              <\/div>\n           <\/div>\n       <\/div>                     \n<style>\n#text-box-496631319 .text-box-content {\n  background-color: rgba(26, 25, 25, 0.366);\n  border-radius: 28px;\n  font-size: 100%;\n}\n#text-box-496631319 .text-inner {\n  padding: 30px 30px 30px 30px;\n}\n#text-box-496631319 {\n  width: 90%;\n}\n@media (min-width:550px) {\n  #text-box-496631319 {\n    width: 100%;\n  }\n}\n<\/style>\n    <\/div>\n \n\n        <\/div>\n      <\/div>\n\n            \n<style>\n#banner-1784356687 {\n  padding-top: 100%;\n}\n#banner-1784356687 .banner-bg img {\n  object-position: 90% 88%;\n}\n<\/style>\n  <\/div>\n\n\n\n\t<section class=\"section has-parallax\" id=\"section_675569831\">\n\t\t<div class=\"section-bg fill\" data-parallax-container=\".section\" data-parallax-background data-parallax=\"-6\">\n\t\t\t<img loading=\"lazy\" decoding=\"async\" width=\"2560\" height=\"1709\" src=\"https:\/\/solhix.com\/wp-content\/uploads\/2020\/12\/shutterstock_1308526990-scaled.jpg\" class=\"bg attachment- size-\" alt=\"\" \/>\t\t\t\t\t\t<div class=\"section-bg-overlay absolute fill\"><\/div>\n\t\t\t\n\n\t\t<\/div>\n\n\t\t\n\n\t\t<div class=\"section-content relative\">\n\t\t\t\n\n<div class=\"container section-title-container\" style=\"margin-bottom:26px;\"><h4 class=\"section-title section-title-center\"><b><\/b><span class=\"section-title-main\" style=\"font-size:200%;color:rgb(251, 244, 244);\">SOLUTION UNIQUE<\/span><b><\/b><\/h4><\/div>\n\n<div class=\"row row-large align-center row-divided\"  id=\"row-831942156\">\n\n\n\t<div id=\"col-1871324356\" class=\"col medium-4 small-9 large-4\"  data-animate=\"fadeInUp\">\n\t\t\t\t<div class=\"col-inner\"  >\n\t\t\t\n\t\t\t\n\n\n\t\t<div class=\"icon-box featured-box icon-box-center text-center\"  style=\"margin:0px 0px 0px 0px;\">\n\t\t\t\t<div class=\"icon-box-text last-reset\">\n\t\t\t\t\t\t\t\t\t\n\n\t<div id=\"text-680950796\" class=\"text\">\n\t\t\n\n<ul>\n<li>Recherche de produit ponctuelle<\/li>\n<li>D\u00e9veloppement et acquisition de produits<\/li>\n<li>Conformit\u00e9 des mati\u00e8res premi\u00e8res<\/li>\n<\/ul>\n\t\t\n<style>\n#text-680950796 {\n  text-align: left;\n  color: rgb(255, 255, 255);\n}\n#text-680950796 > * {\n  color: rgb(255, 255, 255);\n}\n<\/style>\n\t<\/div>\n\t\n\n\t\t<\/div>\n\t<\/div>\n\t\n\t\n\n\t\t<\/div>\n\t\t\t\t\t<\/div>\n\n\t\n\n\t<div id=\"col-706657942\" class=\"col medium-4 small-9 large-4\"  data-animate=\"fadeInUp\">\n\t\t\t\t<div class=\"col-inner\"  >\n\t\t\t\n\t\t\t\n\n\n\t\t<div class=\"icon-box featured-box icon-box-center text-center\"  style=\"margin:0px 0px 0px 0px;\">\n\t\t\t\t<div class=\"icon-box-text last-reset\">\n\t\t\t\t\t\t\t\t\t\n\n\t<div id=\"text-2564062492\" class=\"text\">\n\t\t\n\n<ul>\n<li>Contr\u00f4le de fabrication<\/li>\n<li>Coordination logistique<\/li>\n<li>Consolidation des produits<\/li>\n<\/ul>\n\t\t\n<style>\n#text-2564062492 {\n  text-align: left;\n  color: rgb(255,255,255);\n}\n#text-2564062492 > * {\n  color: rgb(255,255,255);\n}\n<\/style>\n\t<\/div>\n\t\n\n\t\t<\/div>\n\t<\/div>\n\t\n\t\n\n\t\t<\/div>\n\t\t\t\t\t<\/div>\n\n\t\n\n\t<div id=\"col-58804122\" class=\"col medium-4 small-9 large-4\"  data-animate=\"fadeInUp\">\n\t\t\t\t<div class=\"col-inner\"  >\n\t\t\t\n\t\t\t\n\n\n\t\t<div class=\"icon-box featured-box icon-box-center text-center\"  style=\"margin:0px 0px 0px 0px;\">\n\t\t\t\t<div class=\"icon-box-text last-reset\">\n\t\t\t\t\t\t\t\t\t\n\n\t<div id=\"text-2842691337\" class=\"text\">\n\t\t\n\n<ul>\n<li>Visites de contr\u00f4le qualit\u00e9<\/li>\n<li>Tests en laboratoire<\/li>\n<li>Suivre les proc\u00e9dures et normes clients<\/li>\n<\/ul>\n\t\t\n<style>\n#text-2842691337 {\n  text-align: left;\n  color: rgb(255, 255, 255);\n}\n#text-2842691337 > * {\n  color: rgb(255, 255, 255);\n}\n<\/style>\n\t<\/div>\n\t\n\n\t\t<\/div>\n\t<\/div>\n\t\n\t\n\n\t\t<\/div>\n\t\t\t\t\t<\/div>\n\n\t\n\n<\/div>\n\n\t\t<\/div>\n\n\t\t\n<style>\n#section_675569831 {\n  padding-top: 200px;\n  padding-bottom: 200px;\n  min-height: 0px;\n  background-color: rgb(255, 255, 255);\n}\n#section_675569831 .section-bg-overlay {\n  background-color: rgba(0,0,0,.5);\n}\n<\/style>\n\t<\/section>\n\t\n\n\n  <div class=\"banner has-hover is-full-height\" id=\"banner-599319743\">\n          <div class=\"banner-inner fill\">\n        <div class=\"banner-bg fill\" >\n            <img loading=\"lazy\" decoding=\"async\" width=\"1020\" height=\"680\" src=\"https:\/\/solhix.com\/wp-content\/uploads\/2021\/05\/clothingitems-1200x800.jpg\" class=\"bg attachment-large size-large\" alt=\"\" \/>                                    \n                    <\/div>\n\t\t\n        <div class=\"banner-layers container\">\n            <div class=\"fill banner-link\"><\/div>            \n\n   <div id=\"text-box-2007943280\" class=\"text-box banner-layer x50 md-x50 lg-x50 y25 md-y50 lg-y50 res-text\">\n                     <div data-animate=\"fadeInUp\">           <div class=\"text-box-content text box-shadow-1\">\n              \n              <div class=\"text-inner text-center\">\n                  \n\n<div class=\"container section-title-container\" style=\"margin-bottom:2px;\"><h4 class=\"section-title section-title-center\"><b><\/b><span class=\"section-title-main\" style=\"font-size:195%;color:rgb(251, 244, 244);\">PRODUITS<\/span><b><\/b><\/h4><\/div>\n\n\t<div id=\"text-877192160\" class=\"text\">\n\t\t\n\n<p><strong>  <\/strong><\/p>\n<p><strong> Nous vendons une large gamme de produits \u00e0 nos clients, parmi les plus populaires, citons les chaussures, les accessoires de mode, les v\u00eatements, les textiles de maison, les bagages, les jouets, les articles pour b\u00e9b\u00e9s et les articles de sport, et nous vendons \u00e9galement des produits non de consommation tels que des mat\u00e9riaux industriels et de construction tels que aimants, rouleaux d&rsquo;\u00e9tain, cadres en aluminium, m\u00eame \u00e9crous et boulons, entre autres.<\/strong><\/p>\n<p><strong> SOLHIX s&rsquo;efforce d&rsquo;offrir \u00e0 ses clients une vaste gamme d&rsquo;articles selon les derni\u00e8res tendances et technologies, \u00e0 un prix et une qualit\u00e9 excellents.<\/strong><\/p>\n\t\t\n<style>\n#text-877192160 {\n  font-size: 1.2rem;\n  line-height: 2.15;\n  text-align: left;\n  color: rgb(255, 251, 251);\n}\n#text-877192160 > * {\n  color: rgb(255, 251, 251);\n}\n<\/style>\n\t<\/div>\n\t\n<a class=\"button primary is-gradient hidden\"  >\n\t\t<span>A button<\/span>\n\t<\/a>\n\n\n\n              <\/div>\n           <\/div>\n       <\/div>                     \n<style>\n#text-box-2007943280 .text-box-content {\n  background-color: rgba(26, 25, 25, 0.366);\n  border-radius: 28px;\n  font-size: 100%;\n}\n#text-box-2007943280 .text-inner {\n  padding: 0px 30px 30px 30px;\n}\n#text-box-2007943280 {\n  width: 90%;\n}\n@media (min-width:550px) {\n  #text-box-2007943280 {\n    width: 100%;\n  }\n}\n<\/style>\n    <\/div>\n \n\n        <\/div>\n      <\/div>\n\n            \n<style>\n#banner-599319743 {\n  padding-top: 100%;\n}\n#banner-599319743 .banner-bg img {\n  object-position: 30% 86%;\n}\n<\/style>\n  <\/div>\n\n\n\n  <div class=\"banner has-hover is-full-height\" id=\"banner-405091023\">\n          <div class=\"banner-inner fill\">\n        <div class=\"banner-bg fill\" >\n            <img loading=\"lazy\" decoding=\"async\" width=\"1020\" height=\"680\" src=\"https:\/\/solhix.com\/wp-content\/uploads\/2021\/05\/shoppingmall-1200x800.jpg\" class=\"bg attachment-large size-large\" alt=\"\" \/>                                    \n                    <\/div>\n\t\t\n        <div class=\"banner-layers container\">\n            <div class=\"fill banner-link\"><\/div>            \n\n   <div id=\"text-box-653059037\" class=\"text-box banner-layer x50 md-x50 lg-x50 y25 md-y50 lg-y50 res-text\">\n                     <div data-animate=\"fadeInUp\">           <div class=\"text-box-content text box-shadow-1\">\n              \n\t<div class=\"is-border\"\n\t\tstyle=\"border-width:0px 0px 0px 0px;\">\n\t<\/div>\n              <div class=\"text-inner text-center\">\n                  \n\n<div class=\"container section-title-container\" style=\"margin-bottom:2px;\"><h4 class=\"section-title section-title-center\"><b><\/b><span class=\"section-title-main\" style=\"font-size:195%;color:rgb(251, 244, 244);\">CLIENTS<\/span><b><\/b><\/h4><\/div>\n\n\t<div id=\"text-2748672211\" class=\"text\">\n\t\t\n\n<p><strong>  <\/strong><\/p>\n<p><strong> Notre client\u00e8le s&rsquo;\u00e9tend des principaux grands magasins aux boutiques, au commerce \u00e9lectronique, aux supermarch\u00e9s, aux grossistes, aux catalogues et aux importateurs individuels de r\u00e9gions telles que l&rsquo;Am\u00e9rique latine, l&rsquo;Eurasie et l&rsquo;Oc\u00e9anie.<\/strong><\/p>\n<p><strong> Nous fabriquons \u00e9galement des produits pour les soci\u00e9t\u00e9s titulaires de licences de marque qui d\u00e9tiennent les droits de vente en gros et de distribution de marques mondiales telles que Disney, Marvel, Mattel, San Rio, entre autres.<\/strong><\/p>\n\t\t\n<style>\n#text-2748672211 {\n  font-size: 1.2rem;\n  line-height: 2.15;\n  text-align: left;\n  color: rgb(255, 251, 251);\n}\n#text-2748672211 > * {\n  color: rgb(255, 251, 251);\n}\n<\/style>\n\t<\/div>\n\t\n<a class=\"button primary is-gradient hidden\"  >\n\t\t<span>A button<\/span>\n\t<\/a>\n\n\n\n              <\/div>\n           <\/div>\n       <\/div>                     \n<style>\n#text-box-653059037 {\n  margin: 0px 0px 0px 0px;\n  width: 90%;\n}\n#text-box-653059037 .text-box-content {\n  background-color: rgba(26, 25, 25, 0.366);\n  border-radius: 28px;\n  font-size: 100%;\n}\n#text-box-653059037 .text-inner {\n  padding: 0px 30px 30px 30px;\n}\n@media (min-width:550px) {\n  #text-box-653059037 {\n    width: 100%;\n  }\n}\n<\/style>\n    <\/div>\n \n\n        <\/div>\n      <\/div>\n\n            \n<style>\n#banner-405091023 {\n  padding-top: 100%;\n}\n#banner-405091023 .banner-bg img {\n  object-position: 30% 86%;\n}\n<\/style>\n  <\/div>\n\n\n\n\n","protected":false},"excerpt":{"rendered":"","protected":false},"author":1,"featured_media":0,"parent":0,"menu_order":0,"comment_status":"closed","ping_status":"closed","template":"page-transparent-header-light.php","meta":{"footnotes":""},"_links":{"self":[{"href":"https:\/\/solhix.com\/fr\/wp-json\/wp\/v2\/pages\/2687"}],"collection":[{"href":"https:\/\/solhix.com\/fr\/wp-json\/wp\/v2\/pages"}],"about":[{"href":"https:\/\/solhix.com\/fr\/wp-json\/wp\/v2\/types\/page"}],"author":[{"embeddable":true,"href":"https:\/\/solhix.com\/fr\/wp-json\/wp\/v2\/users\/1"}],"replies":[{"embeddable":true,"href":"https:\/\/solhix.com\/fr\/wp-json\/wp\/v2\/comments?post=2687"}],"version-history":[{"count":6,"href":"https:\/\/solhix.com\/fr\/wp-json\/wp\/v2\/pages\/2687\/revisions"}],"predecessor-version":[{"id":2744,"href":"https:\/\/solhix.com\/fr\/wp-json\/wp\/v2\/pages\/2687\/revisions\/2744"}],"wp:attachment":[{"href":"https:\/\/solhix.com\/fr\/wp-json\/wp\/v2\/media?parent=2687"}],"curies":[{"name":"wp","href":"https:\/\/api.w.org\/{rel}","templated":true}]}}