{"id":2691,"date":"2022-04-02T08:16:04","date_gmt":"2022-04-02T08:16:04","guid":{"rendered":"https:\/\/solhix.com\/clients\/"},"modified":"2022-10-09T21:17:02","modified_gmt":"2022-10-09T21:17:02","slug":"clients","status":"publish","type":"page","link":"https:\/\/solhix.com\/fr\/clients\/","title":{"rendered":"Clients"},"content":{"rendered":"\n\n  <div class=\"banner has-hover has-parallax\" id=\"banner-1514356395\">\n          <div class=\"banner-inner fill\">\n        <div class=\"banner-bg fill\" data-parallax=\"-2\" data-parallax-container=\".banner\" data-parallax-background>\n            <img loading=\"lazy\" decoding=\"async\" width=\"1020\" height=\"692\" src=\"https:\/\/solhix.com\/wp-content\/uploads\/2022\/04\/WORLDMAP-2491830-1179x800.jpg\" class=\"bg attachment-large size-large\" alt=\"\" \/>                        <div class=\"overlay\"><\/div>            \n                    <\/div>\n\t\t\n        <div class=\"banner-layers container\">\n            <div class=\"fill banner-link\"><\/div>            \n\n   <div id=\"text-box-179420101\" class=\"text-box banner-layer x50 md-x50 lg-x50 y75 md-y75 lg-y75 res-text\">\n                                <div class=\"text-box-content text dark text-shadow-1\">\n              \n              <div class=\"text-inner text-center\">\n                  \n\n\t<div id=\"text-2029661079\" class=\"text\">\n\t\t\n\n<h2 class=\"uppercase\" style=\"text-align: center;\"><strong>Clients<\/strong><\/h2>\n<p> <\/p>\n<p class=\"lead\"><strong> Notre client\u00e8le s&rsquo;\u00e9tend des principaux grands magasins aux boutiques, au commerce \u00e9lectronique, aux supermarch\u00e9s, aux grossistes, aux catalogues et aux importateurs individuels de r\u00e9gions telles que l&rsquo;Am\u00e9rique latine, l&rsquo;Eurasie et l&rsquo;Oc\u00e9anie.<\/strong><\/p>\n<p class=\"lead\"><strong> Nous fabriquons \u00e9galement des produits pour les soci\u00e9t\u00e9s titulaires de licences de marque qui d\u00e9tiennent les droits de vente en gros et de distribution de marques mondiales telles que Disney, Marvel, Mattel, San Rio, entre autres. <\/strong><\/p>\n\t\t\n<style>\n#text-2029661079 {\n  text-align: left;\n}\n<\/style>\n\t<\/div>\n\t\n\n              <\/div>\n           <\/div>\n                            \n<style>\n#text-box-179420101 .text-box-content {\n  background-color: rgba(0, 0, 0, 0);\n  font-size: 100%;\n}\n#text-box-179420101 {\n  width: 91%;\n}\n<\/style>\n    <\/div>\n \n\n        <\/div>\n      <\/div>\n\n            \n<style>\n#banner-1514356395 {\n  padding-top: 760px;\n}\n#banner-1514356395 .overlay {\n  background-color: rgba(0, 0, 0, 0);\n}\n#banner-1514356395 .banner-bg img {\n  object-position: 49% 48%;\n}\n<\/style>\n  <\/div>\n\n\n<div class=\"container section-title-container hidden\" ><h3 class=\"section-title section-title-center\"><b><\/b><span class=\"section-title-main\" >With image left<\/span><b><\/b><\/h3><\/div>\n\n\n<div class=\"container section-title-container hidden\" ><h3 class=\"section-title section-title-center\"><b><\/b><span class=\"section-title-main\" >With image on Top<\/span><b><\/b><\/h3><\/div>\n\n\n<div class=\"container section-title-container hidden\" ><h3 class=\"section-title section-title-center\"><b><\/b><span class=\"section-title-main\" >Boxed<\/span><b><\/b><\/h3><\/div>\n\n\n<div class=\"container section-title-container hidden\" ><h3 class=\"section-title section-title-center\"><b><\/b><span class=\"section-title-main\" >Boxed Vertical<\/span><b><\/b><\/h3><\/div>\n\n\n<div class=\"container section-title-container hidden\" ><h3 class=\"section-title section-title-center\"><b><\/b><span class=\"section-title-main\" >Testemonials in a row slider<\/span><b><\/b><\/h3><\/div>\n\n\n<div class=\"container section-title-container hidden\" ><h3 class=\"section-title section-title-center\"><b><\/b><span class=\"section-title-main\" >Testemonials in a slider<\/span><b><\/b><\/h3><\/div>\n\n\n\n","protected":false},"excerpt":{"rendered":"","protected":false},"author":1,"featured_media":0,"parent":0,"menu_order":0,"comment_status":"closed","ping_status":"closed","template":"page-transparent-header-light.php","meta":{"footnotes":""},"_links":{"self":[{"href":"https:\/\/solhix.com\/fr\/wp-json\/wp\/v2\/pages\/2691"}],"collection":[{"href":"https:\/\/solhix.com\/fr\/wp-json\/wp\/v2\/pages"}],"about":[{"href":"https:\/\/solhix.com\/fr\/wp-json\/wp\/v2\/types\/page"}],"author":[{"embeddable":true,"href":"https:\/\/solhix.com\/fr\/wp-json\/wp\/v2\/users\/1"}],"replies":[{"embeddable":true,"href":"https:\/\/solhix.com\/fr\/wp-json\/wp\/v2\/comments?post=2691"}],"version-history":[{"count":1,"href":"https:\/\/solhix.com\/fr\/wp-json\/wp\/v2\/pages\/2691\/revisions"}],"predecessor-version":[{"id":2692,"href":"https:\/\/solhix.com\/fr\/wp-json\/wp\/v2\/pages\/2691\/revisions\/2692"}],"wp:attachment":[{"href":"https:\/\/solhix.com\/fr\/wp-json\/wp\/v2\/media?parent=2691"}],"curies":[{"name":"wp","href":"https:\/\/api.w.org\/{rel}","templated":true}]}}