{"id":2695,"date":"2022-04-01T07:18:31","date_gmt":"2022-04-01T07:18:31","guid":{"rendered":"https:\/\/solhix.com\/contactez-nous\/"},"modified":"2022-10-09T21:25:40","modified_gmt":"2022-10-09T21:25:40","slug":"contactez-nous","status":"publish","type":"page","link":"https:\/\/solhix.com\/fr\/contactez-nous\/","title":{"rendered":"Contactez Nous"},"content":{"rendered":"\n\n  <div class=\"banner has-hover\" id=\"banner-2127198061\">\n          <div class=\"banner-inner fill\">\n        <div class=\"banner-bg fill\" >\n            <img loading=\"lazy\" decoding=\"async\" width=\"1020\" height=\"574\" src=\"https:\/\/solhix.com\/wp-content\/uploads\/2022\/04\/pexels-luke-4858462-1400x788.jpg\" class=\"bg attachment-large size-large\" alt=\"\" \/>                        <div class=\"overlay\"><\/div>            \n                    <\/div>\n\t\t\n        <div class=\"banner-layers container\">\n            <div class=\"fill banner-link\"><\/div>            \n\n   <div id=\"text-box-1689988991\" class=\"text-box banner-layer x50 md-x50 lg-x50 y50 md-y50 lg-y50 res-text\">\n              <div data-parallax=\"-4\" data-parallax-fade=\"true\">                  <div class=\"text-box-content text dark\">\n              \n              <div class=\"text-inner text-center\">\n                  \n\n\t<div id=\"text-1026883863\" class=\"text\">\n\t\t\n\n<h2> <\/h2>\n<h2 class=\"uppercase\"><strong>Contactez Nous<\/strong><\/h2>\n<p> <\/p>\n<p><span style=\"font-size: 120%;\">N&rsquo;h\u00e9sitez pas \u00e0 contacter notre \u00e9quipe pour plus d&rsquo;informations :<\/span><\/p>\n<h4 style=\"text-align: center;\"><span style=\"font-size: 115%;\">BUREAU SHANGHAI<\/span><\/h4>\n<p style=\"text-align: center;\"><span style=\"font-size: 115%;\">Adresse en chinois:<\/span><\/p>\n<p style=\"text-align: center;\"><span style=\"font-size: 115%;\">\u4e2d\u5c71\u897f\u8def2025\u53f7<\/span><br><span style=\"font-size: 115%;\">\u6c38\u5347\u5927\u53a6, 2301\u5ba4, \u4e0a\u6d77, \u4e2d\u56fd 200235<br><\/span><\/p>\n<p style=\"text-align: center;\"><span style=\"font-size: 115%;\">Adresse en Anglais:<\/span><\/p>\n<p style=\"text-align: center;\"><span style=\"font-size: 115%;\">Yunsun Tower, 23rd Floor, 2025 West Zhongshan Road, Shanghai, China 200235<\/span><\/p>\n<p style=\"text-align: center;\"><span style=\"font-size: 115%;\">T\u00e9l\u00e9phone: +86 (21) 64395931 extension 107<\/span><\/p>\n<p style=\"text-align: center;\"><span style=\"font-size: 115%;\">Email: <strong>sourcing@solhix.com<\/strong><\/span><\/p>\n<p> <\/p>\n<p> <\/p>\n<p> <\/p>\n\t\t\n<style>\n#text-1026883863 {\n  color: rgb(255, 255, 255);\n}\n#text-1026883863 > * {\n  color: rgb(255, 255, 255);\n}\n<\/style>\n\t<\/div>\n\t\n\n              <\/div>\n           <\/div>\n              <\/div>              \n<style>\n#text-box-1689988991 {\n  width: 88%;\n}\n#text-box-1689988991 .text-box-content {\n  font-size: 100%;\n}\n<\/style>\n    <\/div>\n \n\n        <\/div>\n      <\/div>\n\n            \n<style>\n#banner-2127198061 {\n  padding-top: 650px;\n}\n#banner-2127198061 .overlay {\n  background-color: rgba(0, 0, 0, 0.45);\n}\n#banner-2127198061 .banner-bg img {\n  object-position: 55% 50%;\n}\n<\/style>\n  <\/div>\n\n\n<div class=\"container section-title-container hidden\" ><h3 class=\"section-title section-title-bold-center\"><b><\/b><span class=\"section-title-main\" >Simple Sale Slider<\/span><b><\/b><\/h3><\/div>\n\n[ux_products orderby=\u00a0\u00bbsales\u00a0\u00bb show=\u00a0\u00bbonsale\u00a0\u00bb visibility=\u00a0\u00bbhidden\u00a0\u00bb]\n\n<div class=\"container section-title-container hidden\" ><h3 class=\"section-title section-title-bold-center\"><b><\/b><span class=\"section-title-main\" ><i class=\"icon-star\" ><\/i>Featured Products Slider<\/span><b><\/b><\/h3><\/div>\n\n[ux_products show=\u00a0\u00bbfeatured\u00a0\u00bb visibility=\u00a0\u00bbhidden\u00a0\u00bb]\n\n<div class=\"container section-title-container hidden\" ><h3 class=\"section-title section-title-bold-center\"><b><\/b><span class=\"section-title-main\" ><i class=\"icon-heart\" ><\/i>Best Selling Products<\/span><b><\/b><\/h3><\/div>\n\n[ux_products orderby=\u00a0\u00bbsales\u00a0\u00bb visibility=\u00a0\u00bbhidden\u00a0\u00bb]\n\n<div class=\"container section-title-container hidden\" ><h3 class=\"section-title section-title-bold-center\"><b><\/b><span class=\"section-title-main\" >Lookbook style<\/span><b><\/b><\/h3><\/div>\n\n[ux_products style=\u00a0\u00bbshade\u00a0\u00bb col_spacing=\u00a0\u00bbnormal\u00a0\u00bb depth=\u00a0\u00bb1&Prime; depth_hover=\u00a0\u00bb5&Prime; slider_nav_style=\u00a0\u00bbcircle\u00a0\u00bb cat=\u00a0\u00bbtops\u00a0\u00bb image_height=\u00a0\u00bb200%\u00a0\u00bb image_size=\u00a0\u00bbmedium\u00a0\u00bb image_hover=\u00a0\u00bboverlay-add\u00a0\u00bb image_hover_alt=\u00a0\u00bbzoom-long\u00a0\u00bb text_size=\u00a0\u00bblarge\u00a0\u00bb text_hover=\u00a0\u00bbhover-slide\u00a0\u00bb visibility=\u00a0\u00bbhidden\u00a0\u00bb]\n\n<div class=\"container section-title-container hidden\" ><h3 class=\"section-title section-title-bold-center\"><b><\/b><span class=\"section-title-main\" >Lookbook style 2<\/span><b><\/b><\/h3><\/div>\n\n[ux_products style=\u00a0\u00bboverlay\u00a0\u00bb width=\u00a0\u00bbfull-width\u00a0\u00bb col_spacing=\u00a0\u00bbcollapse\u00a0\u00bb columns=\u00a0\u00bb6&Prime; slider_nav_style=\u00a0\u00bbcircle\u00a0\u00bb cat=\u00a0\u00bb80&Prime; orderby=\u00a0\u00bbrand\u00a0\u00bb image_height=\u00a0\u00bb200%\u00a0\u00bb image_size=\u00a0\u00bbmedium\u00a0\u00bb image_overlay=\u00a0\u00bbrgba(0, 0, 0, 0.58)\u00a0\u00bb image_hover=\u00a0\u00bboverlay-add\u00a0\u00bb image_hover_alt=\u00a0\u00bbzoom-long\u00a0\u00bb text_pos=\u00a0\u00bbmiddle\u00a0\u00bb text_size=\u00a0\u00bblarge\u00a0\u00bb text_hover=\u00a0\u00bbzoom-in\u00a0\u00bb visibility=\u00a0\u00bbhidden\u00a0\u00bb]\n\n<div class=\"container section-title-container hidden\" style=\"margin-top:16px;\"><h3 class=\"section-title section-title-bold-center\"><b><\/b><span class=\"section-title-main\" >Grid Style<\/span><b><\/b><\/h3><\/div>\n\n[ux_products style=\u00a0\u00bbshade\u00a0\u00bb type=\u00a0\u00bbgrid\u00a0\u00bb grid_height=\u00a0\u00bb650px\u00a0\u00bb products=\u00a0\u00bb4&Prime; orderby=\u00a0\u00bbsales\u00a0\u00bb show=\u00a0\u00bbfeatured\u00a0\u00bb image_overlay=\u00a0\u00bbrgba(0, 0, 0, 0.19)\u00a0\u00bb image_hover=\u00a0\u00bbzoom\u00a0\u00bb image_hover_alt=\u00a0\u00bbglow\u00a0\u00bb text_align=\u00a0\u00bbleft\u00a0\u00bb text_size=\u00a0\u00bblarge\u00a0\u00bb visibility=\u00a0\u00bbhidden\u00a0\u00bb]\n\n<div class=\"container section-title-container hidden\" ><h3 class=\"section-title section-title-bold-center\"><b><\/b><span class=\"section-title-main\" >Masonery Style<\/span><b><\/b><\/h3><\/div>\n\n[ux_products type=\u00a0\u00bbmasonry\u00a0\u00bb visibility=\u00a0\u00bbhidden\u00a0\u00bb]\n\n<div class=\"container section-title-container hidden\" ><h3 class=\"section-title section-title-bold-center\"><b><\/b><span class=\"section-title-main\" >Mix and match styles<\/span><b><\/b><\/h3><\/div>\n\n[ux_products style=\u00a0\u00bboverlay\u00a0\u00bb image_height=\u00a0\u00bb169%\u00a0\u00bb image_size=\u00a0\u00bbmedium\u00a0\u00bb image_overlay=\u00a0\u00bbrgba(0, 0, 0, 0.67)\u00a0\u00bb image_hover=\u00a0\u00bbcolor\u00a0\u00bb image_hover_alt=\u00a0\u00bboverlay-remove-50&Prime; text_size=\u00a0\u00bblarge\u00a0\u00bb visibility=\u00a0\u00bbhidden\u00a0\u00bb]\n\n\n","protected":false},"excerpt":{"rendered":"","protected":false},"author":1,"featured_media":0,"parent":0,"menu_order":0,"comment_status":"closed","ping_status":"closed","template":"page-blank.php","meta":{"footnotes":""},"_links":{"self":[{"href":"https:\/\/solhix.com\/fr\/wp-json\/wp\/v2\/pages\/2695"}],"collection":[{"href":"https:\/\/solhix.com\/fr\/wp-json\/wp\/v2\/pages"}],"about":[{"href":"https:\/\/solhix.com\/fr\/wp-json\/wp\/v2\/types\/page"}],"author":[{"embeddable":true,"href":"https:\/\/solhix.com\/fr\/wp-json\/wp\/v2\/users\/1"}],"replies":[{"embeddable":true,"href":"https:\/\/solhix.com\/fr\/wp-json\/wp\/v2\/comments?post=2695"}],"version-history":[{"count":1,"href":"https:\/\/solhix.com\/fr\/wp-json\/wp\/v2\/pages\/2695\/revisions"}],"predecessor-version":[{"id":2696,"href":"https:\/\/solhix.com\/fr\/wp-json\/wp\/v2\/pages\/2695\/revisions\/2696"}],"wp:attachment":[{"href":"https:\/\/solhix.com\/fr\/wp-json\/wp\/v2\/media?parent=2695"}],"curies":[{"name":"wp","href":"https:\/\/api.w.org\/{rel}","templated":true}]}}