{"id":2752,"date":"2020-12-13T02:01:54","date_gmt":"2020-12-13T02:01:54","guid":{"rendered":"https:\/\/solhix.com\/a-propos-de\/"},"modified":"2022-12-06T13:37:12","modified_gmt":"2022-12-06T13:37:12","slug":"a-propos-de","status":"publish","type":"page","link":"https:\/\/solhix.com\/fr\/a-propos-de\/","title":{"rendered":"\u00c0 propos de nous"},"content":{"rendered":"\n\n\n\t<section class=\"section\" id=\"section_1393024837\">\n\t\t<div class=\"section-bg fill\" >\n\t\t\t\t\t\t\t\t\t<div class=\"section-bg-overlay absolute fill\"><\/div>\n\t\t\t\n\n\t\t<\/div>\n\n\t\t\n\n\t\t<div class=\"section-content relative\">\n\t\t\t\n\n<div class=\"row row-large align-middle\"  id=\"row-558187061\">\n\n\n\t<div id=\"col-407783746\" class=\"col small-12 large-12\"  >\n\t\t\t\t<div class=\"col-inner text-left\"  >\n\t\t\t\n\t\t\t\n\n\t<div id=\"text-767477721\" class=\"text\">\n\t\t\n\n<h1 class=\"uppercase\" style=\"text-align: center;\"><strong>\u00c0 PROPOS DE NOUS<\/strong><\/h1>\n<p><strong> SOLHIX a ses origines \u00e0 Shanghai en 2001 en tant que soci\u00e9t\u00e9 chinoise d&rsquo;importation et d&rsquo;exportation dans le but d&rsquo;aider les entreprises internationales \u00e0 \u00e9tablir des activit\u00e9s commerciales avec leurs homologues chinois.<\/strong><\/p>\n<p><strong> Chez SOLHIX, nous nous concentrons sur l&rsquo;acquisition en temps opportun des meilleurs produits aux meilleurs prix pour nos clients internationaux, et nous recherchons constamment autant de s\u00e9curit\u00e9 et de fiabilit\u00e9 sur les achats que nous g\u00e9rons pour nos clients. Notre principale client\u00e8le comprend principalement des magasins de marque, des grands magasins, des supermarch\u00e9s, des sites de commerce \u00e9lectronique, des grossistes et des importateurs de diff\u00e9rentes r\u00e9gions du monde telles que l&rsquo;Am\u00e9rique latine, l&rsquo;Europe et l&rsquo;Australie. <\/strong><\/p>\n<p><strong> Notre personnel poss\u00e8de une vaste exp\u00e9rience professionnelle dans l&rsquo;achat de produits et nous maintenons toujours une stricte confidentialit\u00e9 dans toutes nos transactions commerciales<\/strong><\/p>\n<p><strong> Chez SOLHIX, nous nous concentrons sur la compr\u00e9hension des besoins d&rsquo;achat de nos clients et cultivons une relation \u00e0 long terme bas\u00e9e sur la confiance, en leur offrant un produit et un service de vente sur mesure.<\/strong><\/p>\n\t\t\n<style>\n#text-767477721 {\n  font-size: 1rem;\n  line-height: 1.7;\n}\n<\/style>\n\t<\/div>\n\t\n<a class=\"button primary hidden\"  >\n\t\t<span>Add Any content here<\/span>\n\t<\/a>\n\n\n\n\t\t<\/div>\n\t\t\t\t\t<\/div>\n\n\t\n\n<\/div>\n\n<div class=\"container section-title-container\" ><h3 class=\"section-title section-title-center\"><b><\/b><span class=\"section-title-main\" >NOTRE OBJECTIF<\/span><b><\/b><\/h3><\/div>\n\n<div class=\"row row-large align-center row-divided\"  id=\"row-376085620\">\n\n\n\t<div id=\"col-348171502\" class=\"col medium-4 large-4\"  data-animate=\"fadeInLeft\">\n\t\t\t\t<div class=\"col-inner\"  >\n\t\t\t\n\t\t\t\n\n\n\t\t<div class=\"icon-box featured-box icon-box-center text-center\"  style=\"margin:0px 0px 0px 0px;\">\n\t\t\t\t\t<div class=\"icon-box-img\" style=\"width: 127px\">\n\t\t\t\t<div class=\"icon\">\n\t\t\t\t\t<div class=\"icon-inner\" >\n\t\t\t\t\t\t<img loading=\"lazy\" decoding=\"async\" width=\"218\" height=\"186\" src=\"https:\/\/solhix.com\/wp-content\/uploads\/2022\/03\/Screen-Shot-2022-03-24-at-23.11.34.png\" class=\"attachment-medium size-medium\" alt=\"\" \/>\t\t\t\t\t<\/div>\n\t\t\t\t<\/div>\n\t\t\t<\/div>\n\t\t\t\t<div class=\"icon-box-text last-reset\">\n\t\t\t\t\t\t\t\t\t\n\n<p><strong>Nous concentrer sur l&rsquo;acquisition en temps opportun des meilleurs produits<\/strong><\/p>\n\n\t\t<\/div>\n\t<\/div>\n\t\n\t\n\n\t\t<\/div>\n\t\t\t\t\t<\/div>\n\n\t\n\n\t<div id=\"col-1436142127\" class=\"col medium-4 large-4\"  data-animate=\"fadeInUp\">\n\t\t\t\t<div class=\"col-inner\"  >\n\t\t\t\n\t\t\t\n\n\n\t\t<div class=\"icon-box featured-box icon-box-center text-center\"  style=\"margin:0px 0px 0px 0px;\">\n\t\t\t\t\t<div class=\"icon-box-img\" style=\"width: 127px\">\n\t\t\t\t<div class=\"icon\">\n\t\t\t\t\t<div class=\"icon-inner\" >\n\t\t\t\t\t\t<img loading=\"lazy\" decoding=\"async\" width=\"210\" height=\"180\" src=\"https:\/\/solhix.com\/wp-content\/uploads\/2022\/03\/Screen-Shot-2022-03-24-at-23.12.27.png\" class=\"attachment-medium size-medium\" alt=\"\" \/>\t\t\t\t\t<\/div>\n\t\t\t\t<\/div>\n\t\t\t<\/div>\n\t\t\t\t<div class=\"icon-box-text last-reset\">\n\t\t\t\t\t\t\t\t\t\n\n<p><strong>Recherchez les meilleurs prix pour nos clients internationaux<\/strong><\/p>\n\n\t\t<\/div>\n\t<\/div>\n\t\n\t\n\n\t\t<\/div>\n\t\t\t\t\t<\/div>\n\n\t\n\n\t<div id=\"col-1852452756\" class=\"col medium-4 large-4\"  data-animate=\"fadeInLeft\">\n\t\t\t\t<div class=\"col-inner\"  >\n\t\t\t\n\t\t\t\n\n\n\t\t<div class=\"icon-box featured-box icon-box-center text-center\"  style=\"margin:0px 0px 0px 0px;\">\n\t\t\t\t\t<div class=\"icon-box-img\" style=\"width: 105px\">\n\t\t\t\t<div class=\"icon\">\n\t\t\t\t\t<div class=\"icon-inner\" >\n\t\t\t\t\t\t<img loading=\"lazy\" decoding=\"async\" width=\"164\" height=\"160\" src=\"https:\/\/solhix.com\/wp-content\/uploads\/2022\/03\/Screen-Shot-2022-03-24-at-23.14.20.png\" class=\"attachment-medium size-medium\" alt=\"\" \/>\t\t\t\t\t<\/div>\n\t\t\t\t<\/div>\n\t\t\t<\/div>\n\t\t\t\t<div class=\"icon-box-text last-reset\">\n\t\t\t\t\t\t\t\t\t\n\n<p><strong>Recherche constante de s\u00e9curit\u00e9 et de fiabilit\u00e9 sur les achats pour nos clients<\/strong><\/p>\n\n\t\t<\/div>\n\t<\/div>\n\t\n\t\n\n\t\t<\/div>\n\t\t\t\t\t<\/div>\n\n\t\n\n<\/div>\n\n\t\t<\/div>\n\n\t\t\n<style>\n#section_1393024837 {\n  padding-top: 40px;\n  padding-bottom: 40px;\n  background-color: rgb(255, 255, 255);\n}\n#section_1393024837 .section-bg-overlay {\n  background-color: rgba(213, 213, 212, 0);\n}\n<\/style>\n\t<\/section>\n\t\n\n\n","protected":false},"excerpt":{"rendered":"","protected":false},"author":1,"featured_media":1159,"parent":0,"menu_order":0,"comment_status":"closed","ping_status":"closed","template":"page-blank.php","meta":{"footnotes":""},"_links":{"self":[{"href":"https:\/\/solhix.com\/fr\/wp-json\/wp\/v2\/pages\/2752"}],"collection":[{"href":"https:\/\/solhix.com\/fr\/wp-json\/wp\/v2\/pages"}],"about":[{"href":"https:\/\/solhix.com\/fr\/wp-json\/wp\/v2\/types\/page"}],"author":[{"embeddable":true,"href":"https:\/\/solhix.com\/fr\/wp-json\/wp\/v2\/users\/1"}],"replies":[{"embeddable":true,"href":"https:\/\/solhix.com\/fr\/wp-json\/wp\/v2\/comments?post=2752"}],"version-history":[{"count":3,"href":"https:\/\/solhix.com\/fr\/wp-json\/wp\/v2\/pages\/2752\/revisions"}],"predecessor-version":[{"id":2791,"href":"https:\/\/solhix.com\/fr\/wp-json\/wp\/v2\/pages\/2752\/revisions\/2791"}],"wp:featuredmedia":[{"embeddable":true,"href":"https:\/\/solhix.com\/fr\/wp-json\/wp\/v2\/media\/1159"}],"wp:attachment":[{"href":"https:\/\/solhix.com\/fr\/wp-json\/wp\/v2\/media?parent=2752"}],"curies":[{"name":"wp","href":"https:\/\/api.w.org\/{rel}","templated":true}]}}