{"id":2784,"date":"2013-08-18T15:41:31","date_gmt":"2013-08-18T15:41:31","guid":{"rendered":"https:\/\/solhix.com\/produits\/"},"modified":"2022-12-06T13:33:33","modified_gmt":"2022-12-06T13:33:33","slug":"produits","status":"publish","type":"page","link":"https:\/\/solhix.com\/fr\/produits\/","title":{"rendered":"Produits"},"content":{"rendered":"\n\n  <div class=\"banner has-hover\" id=\"banner-2036807662\">\n          <div class=\"banner-inner fill\">\n        <div class=\"banner-bg fill\" >\n            <img loading=\"lazy\" decoding=\"async\" width=\"1020\" height=\"704\" src=\"https:\/\/solhix.com\/wp-content\/uploads\/2022\/04\/products-1-1159x800.jpg\" class=\"bg attachment-large size-large\" alt=\"\" \/>                        <div class=\"overlay\"><\/div>            \n                    <\/div>\n\t\t\n        <div class=\"banner-layers container\">\n            <div class=\"fill banner-link\"><\/div>            \n\n   <div id=\"text-box-654233438\" class=\"text-box banner-layer x50 md-x50 lg-x50 y95 md-y95 lg-y95 res-text\">\n              <div data-parallax=\"-4\" data-parallax-fade=\"true\">                  <div class=\"text-box-content text dark\">\n              \n              <div class=\"text-inner text-center\">\n                  \n\n\t<div id=\"text-2062799223\" class=\"text\">\n\t\t\n\n<h2 class=\"uppercase\" style=\"text-align: center;\"><strong>Produits<\/strong><\/h2>\n<p> <\/p>\n<p><strong><span style=\"font-size: 120%;\"> Nous vendons une large gamme de produits \u00e0 nos clients, parmi les plus populaires, citons les chaussures, les accessoires de mode, les v\u00eatements, les textiles de maison, les bagages, les jouets, les articles pour b\u00e9b\u00e9s et les articles de sport, et nous vendons \u00e9galement des produits non de consommation tels que des mat\u00e9riaux industriels et de construction tels que aimants, rouleaux d&rsquo;\u00e9tain, cadres en aluminium, m\u00eame \u00e9crous et boulons, entre autres.<\/span><\/strong><\/p>\n<p> <\/p>\n<p><strong><span style=\"font-size: 120%;\"> SOLHIX s&rsquo;efforce d&rsquo;offrir \u00e0 ses clients une vaste gamme d&rsquo;articles selon les derni\u00e8res tendances et technologies, \u00e0 un prix et une qualit\u00e9 excellents.<\/span><\/strong><\/p>\n<p> <\/p>\n\t\t\n<style>\n#text-2062799223 {\n  text-align: left;\n}\n<\/style>\n\t<\/div>\n\t\n\n              <\/div>\n           <\/div>\n              <\/div>              \n<style>\n#text-box-654233438 {\n  width: 87%;\n}\n#text-box-654233438 .text-box-content {\n  font-size: 100%;\n}\n<\/style>\n    <\/div>\n \n\n        <\/div>\n      <\/div>\n\n            \n<style>\n#banner-2036807662 {\n  padding-top: 760px;\n}\n#banner-2036807662 .overlay {\n  background-color: rgba(0, 0, 0, 0.45);\n}\n#banner-2036807662 .banner-bg img {\n  object-position: 42% 63%;\n}\n<\/style>\n  <\/div>\n\n\n<div class=\"container section-title-container hidden\" ><h3 class=\"section-title section-title-bold-center\"><b><\/b><span class=\"section-title-main\" >Simple Sale Slider<\/span><b><\/b><\/h3><\/div>\n\n\t<div id=\"text-360849230\" class=\"text hidden\">\n\t\t\n\n[ux_products orderby=\u00a0\u00bbsales\u00a0\u00bb show=\u00a0\u00bbonsale\u00a0\u00bb visibility=\u00a0\u00bbhidden\u00a0\u00bb]\n\t\t\t<\/div>\n\t\n<div class=\"container section-title-container hidden\" ><h3 class=\"section-title section-title-bold-center\"><b><\/b><span class=\"section-title-main\" ><i class=\"icon-star\" ><\/i>Featured Products Slider<\/span><b><\/b><\/h3><\/div>\n\n\t<div id=\"text-2396468658\" class=\"text hidden\">\n\t\t\n\n[ux_products show=\u00a0\u00bbfeatured\u00a0\u00bb visibility=\u00a0\u00bbhidden\u00a0\u00bb]\n\t\t\t<\/div>\n\t\n<div class=\"container section-title-container hidden\" ><h3 class=\"section-title section-title-bold-center\"><b><\/b><span class=\"section-title-main\" ><i class=\"icon-heart\" ><\/i>Best Selling Products<\/span><b><\/b><\/h3><\/div>\n\n\t<div id=\"text-1877403665\" class=\"text hidden\">\n\t\t\n\n[ux_products orderby=\u00a0\u00bbsales\u00a0\u00bb visibility=\u00a0\u00bbhidden\u00a0\u00bb]\n\t\t\t<\/div>\n\t\n<div class=\"container section-title-container hidden\" ><h3 class=\"section-title section-title-bold-center\"><b><\/b><span class=\"section-title-main\" >Lookbook style<\/span><b><\/b><\/h3><\/div>\n\n\t<div id=\"text-319732405\" class=\"text hidden\">\n\t\t\n\n[ux_products style=\u00a0\u00bbshade\u00a0\u00bb col_spacing=\u00a0\u00bbnormal\u00a0\u00bb depth=\u00a0\u00bb1&Prime; depth_hover=\u00a0\u00bb5&Prime; slider_nav_style=\u00a0\u00bbcircle\u00a0\u00bb cat=\u00a0\u00bbtops\u00a0\u00bb image_height=\u00a0\u00bb200%\u00a0\u00bb image_size=\u00a0\u00bbmedium\u00a0\u00bb image_hover=\u00a0\u00bboverlay-add\u00a0\u00bb image_hover_alt=\u00a0\u00bbzoom-long\u00a0\u00bb text_size=\u00a0\u00bblarge\u00a0\u00bb text_hover=\u00a0\u00bbhover-slide\u00a0\u00bb visibility=\u00a0\u00bbhidden\u00a0\u00bb]\n\t\t\t<\/div>\n\t\n<div class=\"container section-title-container hidden\" ><h3 class=\"section-title section-title-bold-center\"><b><\/b><span class=\"section-title-main\" >Lookbook style 2<\/span><b><\/b><\/h3><\/div>\n\n\t<div id=\"text-794267692\" class=\"text hidden\">\n\t\t\n\n[ux_products style=\u00a0\u00bboverlay\u00a0\u00bb width=\u00a0\u00bbfull-width\u00a0\u00bb col_spacing=\u00a0\u00bbcollapse\u00a0\u00bb columns=\u00a0\u00bb6&Prime; slider_nav_style=\u00a0\u00bbcircle\u00a0\u00bb cat=\u00a0\u00bb80&Prime; orderby=\u00a0\u00bbrand\u00a0\u00bb image_height=\u00a0\u00bb200%\u00a0\u00bb image_size=\u00a0\u00bbmedium\u00a0\u00bb image_overlay=\u00a0\u00bbrgba(0, 0, 0, 0.58)\u00a0\u00bb image_hover=\u00a0\u00bboverlay-add\u00a0\u00bb image_hover_alt=\u00a0\u00bbzoom-long\u00a0\u00bb text_pos=\u00a0\u00bbmiddle\u00a0\u00bb text_size=\u00a0\u00bblarge\u00a0\u00bb text_hover=\u00a0\u00bbzoom-in\u00a0\u00bb visibility=\u00a0\u00bbhidden\u00a0\u00bb]\n\t\t\t<\/div>\n\t\n<div class=\"container section-title-container hidden\" style=\"margin-top:16px;\"><h3 class=\"section-title section-title-bold-center\"><b><\/b><span class=\"section-title-main\" >Grid Style<\/span><b><\/b><\/h3><\/div>\n\n\t<div id=\"text-1002063974\" class=\"text hidden\">\n\t\t\n\n[ux_products style=\u00a0\u00bbshade\u00a0\u00bb type=\u00a0\u00bbgrid\u00a0\u00bb grid_height=\u00a0\u00bb650px\u00a0\u00bb products=\u00a0\u00bb4&Prime; orderby=\u00a0\u00bbsales\u00a0\u00bb show=\u00a0\u00bbfeatured\u00a0\u00bb image_overlay=\u00a0\u00bbrgba(0, 0, 0, 0.19)\u00a0\u00bb image_hover=\u00a0\u00bbzoom\u00a0\u00bb image_hover_alt=\u00a0\u00bbglow\u00a0\u00bb text_align=\u00a0\u00bbleft\u00a0\u00bb text_size=\u00a0\u00bblarge\u00a0\u00bb visibility=\u00a0\u00bbhidden\u00a0\u00bb]\n\t\t\t<\/div>\n\t\n<div class=\"container section-title-container hidden\" ><h3 class=\"section-title section-title-bold-center\"><b><\/b><span class=\"section-title-main\" >Masonery Style<\/span><b><\/b><\/h3><\/div>\n\n\t<div id=\"text-2072886911\" class=\"text hidden\">\n\t\t\n\n[ux_products type=\u00a0\u00bbmasonry\u00a0\u00bb visibility=\u00a0\u00bbhidden\u00a0\u00bb]\n\t\t\t<\/div>\n\t\n<div class=\"container section-title-container hidden\" ><h3 class=\"section-title section-title-bold-center\"><b><\/b><span class=\"section-title-main\" >Mix and match styles<\/span><b><\/b><\/h3><\/div>\n\n\t<div id=\"text-4230135923\" class=\"text hidden\">\n\t\t\n\n[ux_products style=\u00a0\u00bboverlay\u00a0\u00bb image_height=\u00a0\u00bb169%\u00a0\u00bb image_size=\u00a0\u00bbmedium\u00a0\u00bb image_overlay=\u00a0\u00bbrgba(0, 0, 0, 0.67)\u00a0\u00bb image_hover=\u00a0\u00bbcolor\u00a0\u00bb image_hover_alt=\u00a0\u00bboverlay-remove-50&Prime; text_size=\u00a0\u00bblarge\u00a0\u00bb visibility=\u00a0\u00bbhidden\u00a0\u00bb]\n\t\t\t<\/div>\n\t\n\n","protected":false},"excerpt":{"rendered":"","protected":false},"author":1,"featured_media":1171,"parent":0,"menu_order":23,"comment_status":"closed","ping_status":"closed","template":"page-transparent-header-light.php","meta":{"footnotes":""},"_links":{"self":[{"href":"https:\/\/solhix.com\/fr\/wp-json\/wp\/v2\/pages\/2784"}],"collection":[{"href":"https:\/\/solhix.com\/fr\/wp-json\/wp\/v2\/pages"}],"about":[{"href":"https:\/\/solhix.com\/fr\/wp-json\/wp\/v2\/types\/page"}],"author":[{"embeddable":true,"href":"https:\/\/solhix.com\/fr\/wp-json\/wp\/v2\/users\/1"}],"replies":[{"embeddable":true,"href":"https:\/\/solhix.com\/fr\/wp-json\/wp\/v2\/comments?post=2784"}],"version-history":[{"count":3,"href":"https:\/\/solhix.com\/fr\/wp-json\/wp\/v2\/pages\/2784\/revisions"}],"predecessor-version":[{"id":2787,"href":"https:\/\/solhix.com\/fr\/wp-json\/wp\/v2\/pages\/2784\/revisions\/2787"}],"wp:featuredmedia":[{"embeddable":true,"href":"https:\/\/solhix.com\/fr\/wp-json\/wp\/v2\/media\/1171"}],"wp:attachment":[{"href":"https:\/\/solhix.com\/fr\/wp-json\/wp\/v2\/media?parent=2784"}],"curies":[{"name":"wp","href":"https:\/\/api.w.org\/{rel}","templated":true}]}}